{"id":10,"date":"2012-01-25T18:55:02","date_gmt":"2012-01-25T16:55:02","guid":{"rendered":"http:\/\/www.apador.org\/blog\/?page_id=10"},"modified":"2025-04-03T13:35:28","modified_gmt":"2025-04-03T11:35:28","slug":"contact","status":"publish","type":"page","link":"https:\/\/apador.org\/en\/contact\/","title":{"rendered":"Contact"},"content":{"rendered":"<strong><a title=\"Apador CH\" href=\"http:\/\/www.apador.org\" target=\"_blank\" rel=\"noopener noreferrer\">APADOR-CH (Asocia\u0163ia pentru Ap\u0103rarea Drepturilor Omului \u00een Rom\u00e2nia, Comitetul Helsinki)<\/a><\/strong><\/p>\n<p>Bucure\u0219ti, Str. Nicolae Tonitza 8A, 030113, Sector 3<\/p>\n<p>Telefon: (40) (21) 312.45.28<br \/>\nFax: (40) (21) 312.37.11<br \/>\nemail: office@apador.org<\/p>\n<p>Ne pute\u021bi transmite un mesaj aici:","protected":false},"excerpt":{"rendered":"<p>APADOR-CH (Asocia\u0163ia pentru Ap\u0103rarea Drepturilor Omului \u00een Rom\u00e2nia, Comitetul Helsinki) Bucure\u0219ti, Str. Nicolae Tonitza 8A, 030113, Sector 3 Telefon: (40) (21) 312.45.28 Fax: (40) (21) 312.37.11 email: office@apador.org Ne pute\u021bi transmite un mesaj aici:<\/p>\n","protected":false},"author":5,"featured_media":0,"parent":0,"menu_order":50,"comment_status":"closed","ping_status":"closed","template":"","meta":{"footnotes":""},"class_list":["post-10","page","type-page","status-publish","hentry"],"_links":{"self":[{"href":"https:\/\/apador.org\/en\/wp-json\/wp\/v2\/pages\/10","targetHints":{"allow":["GET"]}}],"collection":[{"href":"https:\/\/apador.org\/en\/wp-json\/wp\/v2\/pages"}],"about":[{"href":"https:\/\/apador.org\/en\/wp-json\/wp\/v2\/types\/page"}],"author":[{"embeddable":true,"href":"https:\/\/apador.org\/en\/wp-json\/wp\/v2\/users\/5"}],"replies":[{"embeddable":true,"href":"https:\/\/apador.org\/en\/wp-json\/wp\/v2\/comments?post=10"}],"version-history":[{"count":1,"href":"https:\/\/apador.org\/en\/wp-json\/wp\/v2\/pages\/10\/revisions"}],"predecessor-version":[{"id":11648,"href":"https:\/\/apador.org\/en\/wp-json\/wp\/v2\/pages\/10\/revisions\/11648"}],"wp:attachment":[{"href":"https:\/\/apador.org\/en\/wp-json\/wp\/v2\/media?parent=10"}],"curies":[{"name":"wp","href":"https:\/\/api.w.org\/{rel}","templated":true}]}}