{"id":1018,"date":"2014-02-11T08:30:21","date_gmt":"2014-02-11T08:30:21","guid":{"rendered":"http:\/\/www.apador.org\/seamus\/?page_id=1018"},"modified":"2026-02-23T12:53:40","modified_gmt":"2026-02-23T10:53:40","slug":"apador-ch-in-presa","status":"publish","type":"page","link":"https:\/\/apador.org\/en\/apador-ch-in-presa\/","title":{"rendered":"APADOR-CH in the Media"},"content":{"rendered":"<a href=\"http:\/\/www.apador.org\/wp-content\/uploads\/2014\/02\/reporteri.jpg\"><img loading=\"lazy\" decoding=\"async\" class=\"alignleft size-full wp-image-2092\" src=\"http:\/\/www.apador.org\/wp-content\/uploads\/2014\/02\/reporteri.jpg\" alt=\"reporteri\" width=\"907\" height=\"379\" srcset=\"https:\/\/apador.org\/wp-content\/uploads\/2014\/02\/reporteri.jpg 907w, https:\/\/apador.org\/wp-content\/uploads\/2014\/02\/reporteri-300x125.jpg 300w, https:\/\/apador.org\/wp-content\/uploads\/2014\/02\/reporteri-768x321.jpg 768w, https:\/\/apador.org\/wp-content\/uploads\/2014\/02\/reporteri-705x295.jpg 705w, https:\/\/apador.org\/wp-content\/uploads\/2014\/02\/reporteri-800x334.jpg 800w\" sizes=\"auto, (max-width: 907px) 100vw, 907px\" \/><\/a><\/p>\n<p>&nbsp;<\/p>\n<p>&nbsp;<\/p>\n<p>&nbsp;<\/p>\n<p>&nbsp;<\/p>\n<p>&nbsp;<\/p>\n<p>&nbsp;<\/p>\n<p>&nbsp;<\/p>\n<p>&nbsp;<\/p>\n<p>&nbsp;<\/p>\n<p>&nbsp;<\/p>\n<p>&nbsp;<\/p>\n<p><span style=\"color: #ff0000;\"><em>Digi24, 8 iulie 2021<\/em><\/span><\/p>\n<p><a href=\"https:\/\/www.digi24.ro\/stiri\/transferul-functionarilor-aplicat-si-la-ansvsa-dupa-doar-5-zile-la-primaria-jilava-mutata-in-posturi-de-conducere-la-ansvsa-1589699?fbclid=IwAR28oqvZLWhQ-KLx35D9SyhJCfPVq5JfEuV_Q9xfxhmGzzRBkVD1qEQyzMY\" target=\"_blank\" rel=\"noopener\">Transferul func\u021bionarilor, aplicat \u0219i la ANSVSA: Dup\u0103 doar 5 zile la Prim\u0103ria Jilava, mutat\u0103 \u00een posturi de conducere la ANSVSA<\/a><\/p>\n<p><em><span style=\"color: #ff0000;\">Vice, 28 march 2014<\/span><\/em><\/p>\n<p><a href=\"http:\/\/www.vice.com\/en_uk\/read\/human-rights-police-custody-romania\" target=\"_blank\" rel=\"noopener noreferrer\">Leave your rights at the door, if you visit a Romanian police station<\/a><\/p>\n<p><span style=\"color: #ff0000;\"><em>CNN, 27 December 2013\u00a0<\/em><\/span><br \/>\n<a href=\"http:\/\/ireport.cnn.com\/docs\/DOC-1070797\" target=\"_blank\" rel=\"noopener noreferrer\">Pungesti &#8211; human rights violated, conclusions of APADOR-CH report<\/a><\/p>\n<p><span style=\"color: #ff0000;\"><em>The Guardian, 5 december 2013<\/em><\/span><\/p>\n<p><a href=\"http:\/\/www.theguardian.com\/environment\/2013\/dec\/05\/protesters-chevron-shale-gas-fracking-romania\" target=\"_blank\" rel=\"noopener noreferrer\">Police remove protesters from Chevron&#8217;s fracking site in Romania<\/a>","protected":false},"excerpt":{"rendered":"<p>&nbsp; &nbsp; &nbsp; &nbsp; &nbsp; &nbsp; &nbsp; &nbsp; &nbsp; &nbsp; &nbsp; Digi24, 8 iulie 2021 Transferul func\u021bionarilor, aplicat \u0219i la ANSVSA: Dup\u0103 doar 5 zile la Prim\u0103ria Jilava, mutat\u0103 \u00een posturi de conducere la ANSVSA Vice, 28 march 2014 Leave your rights at the door, if you visit a Romanian police station CNN, 27 December [&hellip;]<\/p>\n","protected":false},"author":2,"featured_media":2092,"parent":0,"menu_order":0,"comment_status":"closed","ping_status":"closed","template":"","meta":{"footnotes":""},"class_list":["post-1018","page","type-page","status-publish","has-post-thumbnail","hentry"],"_links":{"self":[{"href":"https:\/\/apador.org\/en\/wp-json\/wp\/v2\/pages\/1018","targetHints":{"allow":["GET"]}}],"collection":[{"href":"https:\/\/apador.org\/en\/wp-json\/wp\/v2\/pages"}],"about":[{"href":"https:\/\/apador.org\/en\/wp-json\/wp\/v2\/types\/page"}],"author":[{"embeddable":true,"href":"https:\/\/apador.org\/en\/wp-json\/wp\/v2\/users\/2"}],"replies":[{"embeddable":true,"href":"https:\/\/apador.org\/en\/wp-json\/wp\/v2\/comments?post=1018"}],"version-history":[{"count":76,"href":"https:\/\/apador.org\/en\/wp-json\/wp\/v2\/pages\/1018\/revisions"}],"predecessor-version":[{"id":12036,"href":"https:\/\/apador.org\/en\/wp-json\/wp\/v2\/pages\/1018\/revisions\/12036"}],"wp:featuredmedia":[{"embeddable":true,"href":"https:\/\/apador.org\/en\/wp-json\/wp\/v2\/media\/2092"}],"wp:attachment":[{"href":"https:\/\/apador.org\/en\/wp-json\/wp\/v2\/media?parent=1018"}],"curies":[{"name":"wp","href":"https:\/\/api.w.org\/{rel}","templated":true}]}}