{"id":11220,"date":"2024-08-02T12:30:57","date_gmt":"2024-08-02T10:30:57","guid":{"rendered":"https:\/\/apador.org\/?page_id=11220"},"modified":"2024-08-02T12:59:29","modified_gmt":"2024-08-02T10:59:29","slug":"statul-ne-drept","status":"publish","type":"page","link":"https:\/\/apador.org\/en\/statul-ne-drept\/","title":{"rendered":"Statul NE drept"},"content":{"rendered":"<p class=\"qtranxs-available-languages-message qtranxs-available-languages-message-en\">Sorry, this entry is only available in <a href=\"https:\/\/apador.org\/ro\/wp-json\/wp\/v2\/pages\/11220\" class=\"qtranxs-available-language-link qtranxs-available-language-link-ro\" title=\"Rom\u00e2n\u0103\">Rom\u00e2n\u0103<\/a>. For the sake of viewer convenience, the content is shown below in the alternative language. You may click the link to switch the active language.<\/p><div id='avia-messagebox-' class='avia_message_box  avia-color-green avia-size-large avia-icon_select-yes avia-border-  avia-builder-el-0  el_before_av_blog  avia-builder-el-first '><span class='avia_message_box_title' >Note<\/span><div class='avia_message_box_content' ><span class='avia_message_box_icon' aria-hidden='true' data-av_icon='\ue800' data-av_iconfont='entypo-fontello'><\/span><p>Aici public\u0103m sesiz\u0103ri primite de la cet\u0103\u021beni, care reclam\u0103 disfunc\u021bionalit\u0103\u021bi ale institu\u021biilor statului.<br \/>\nDe\u0219i sesizate, aceste autorit\u0103\u021bi refuz\u0103 s\u0103-\u0219i fac\u0103 datoria \u0219i s\u0103 aplice legile sau aleg s\u0103 o fac\u0103 defectuos.<br \/>\nPe scurt, un stat de drept nefunc\u021bional, NE drept!<br \/>\nAPADOR-CH public\u0103 aceste semnale de la cet\u0103\u021beni, cu acordul acestora, \u0219i le transmite \u0219i autorit\u0103\u021bilor competente s\u0103 le rezolve.<\/p>\n<\/div><\/div>\n<div   data-autoplay=''  data-interval='5'  data-animation='fade'  data-show_slide_delay='90'  class='avia-content-slider avia-content-grid-active avia-content-slider1 avia-content-slider-even  avia-builder-el-1  el_after_av_notification  avia-builder-el-last  '  itemscope=\"itemscope\" itemtype=\"https:\/\/schema.org\/Blog\" ><div class='avia-content-slider-inner'><div class='slide-entry-wrap'><article class='slide-entry flex_column  post-entry post-entry-11831 slide-entry-overview slide-loop-1 slide-parity-odd  av_one_half first real-thumbnail post-format-standard'  itemscope=\"itemscope\" itemtype=\"https:\/\/schema.org\/CreativeWork\" ><a href='https:\/\/apador.org\/en\/de-1-decembrie-desfiintam-ghenele-din-blocuri\/' data-rel='slide-1' class='slide-image' title='De 1 Decembrie, desfiin\u021b\u0103m ghenele din blocuri'><img loading=\"lazy\" decoding=\"async\" width=\"495\" height=\"400\" src=\"https:\/\/apador.org\/wp-content\/uploads\/2025\/11\/ghene-bloc-495x400.jpg\" class=\"attachment-portfolio size-portfolio wp-post-image\" alt=\"\" srcset=\"https:\/\/apador.org\/wp-content\/uploads\/2025\/11\/ghene-bloc-495x400.jpg 495w, https:\/\/apador.org\/wp-content\/uploads\/2025\/11\/ghene-bloc-845x684.jpg 845w\" sizes=\"auto, (max-width: 495px) 100vw, 495px\" \/><\/a><div class='slide-content'><header class=\"entry-content-header\"><h3 class='slide-entry-title entry-title '  itemprop=\"headline\" ><a href='https:\/\/apador.org\/en\/de-1-decembrie-desfiintam-ghenele-din-blocuri\/' title='De 1 Decembrie, desfiin\u021b\u0103m ghenele din blocuri'>De 1 Decembrie, desfiin\u021b\u0103m ghenele din blocuri<\/a><\/h3><span class=\"av-vertical-delimiter\"><\/span><\/header><div class='slide-meta'><time class='slide-meta-time updated'  itemprop=\"datePublished\" datetime=\"2025-12-01T08:25:30+00:00\" >01\/12\/2025<\/time><\/div><div class='slide-entry-excerpt entry-content'  itemprop=\"text\" >Opinie scris\u0103 de Dan Mihai, despre \u201eApocalipsa ghenelor\u201d care are loc \u00een Bucure\u0219ti \u00eencep\u00e2nd cu 1 decembrie 2025 - o m\u0103sur\u0103 de reorganizare a colect\u0103rii de\u0219eurilor \u00een Bucure\u0219ti, sectorul 3, conform unei decizii din 2015 a Consiliului General al Municipiului Bucure\u0219ti. Autorul consider\u0103 c\u0103 e \u00eenc\u0103 o b\u0103taie de joc la adresa cet\u0103\u021benilor.<div class=\"read-more-link\"><a href=\"https:\/\/apador.org\/en\/de-1-decembrie-desfiintam-ghenele-din-blocuri\/\" class=\"more-link\">Read more<span class=\"more-link-arrow\"><\/span><\/a><\/div><\/div><\/div><footer class=\"entry-footer\"><\/footer><span class='hidden'>\n\t\t\t\t<span class='av-structured-data'  itemprop=\"image\" itemscope=\"itemscope\" itemtype=\"https:\/\/schema.org\/ImageObject\" >\n\t\t\t\t\t\t<span itemprop='url'>https:\/\/apador.org\/wp-content\/uploads\/2025\/11\/ghene-bloc.jpg<\/span>\n\t\t\t\t\t\t<span itemprop='height'>1069<\/span>\n\t\t\t\t\t\t<span itemprop='width'>1000<\/span>\n\t\t\t\t<\/span>\n\t\t\t\t<span class='av-structured-data'  itemprop=\"publisher\" itemtype=\"https:\/\/schema.org\/Organization\" itemscope=\"itemscope\" >\n\t\t\t\t\t\t<span itemprop='name'>Rasista<\/span>\n\t\t\t\t\t\t<span itemprop='logo' itemscope itemtype='https:\/\/schema.org\/ImageObject'>\n\t\t\t\t\t\t\t<span itemprop='url'>https:\/\/apador.org\/wp-content\/uploads\/2020\/09\/apador-logo-tmp-300x159.png<\/span>\n\t\t\t\t\t\t <\/span>\n\t\t\t\t<\/span><span class='av-structured-data'  itemprop=\"author\" itemscope=\"itemscope\" itemtype=\"https:\/\/schema.org\/Person\" ><span itemprop='name'>Rasista<\/span><\/span><span class='av-structured-data'  itemprop=\"datePublished\" datetime=\"2024-08-02T12:30:57+00:00\" >2025-12-01 08:25:30<\/span><span class='av-structured-data'  itemprop=\"dateModified\" itemtype=\"https:\/\/schema.org\/dateModified\" >2025-11-28 16:43:15<\/span><span class='av-structured-data'  itemprop=\"mainEntityOfPage\" itemtype=\"https:\/\/schema.org\/mainEntityOfPage\" ><span itemprop='name'>De 1 Decembrie, desfiin\u021b\u0103m ghenele din blocuri<\/span><\/span><\/span><\/article><article class='slide-entry flex_column  post-entry post-entry-11170 slide-entry-overview slide-loop-2 slide-parity-even  post-entry-last  av_one_half  real-thumbnail post-format-standard'  itemscope=\"itemscope\" itemtype=\"https:\/\/schema.org\/CreativeWork\" ><a href='https:\/\/apador.org\/en\/igsu-isi-antreneaza-pompierii-in-conditii-pentru-care-pe-altii-ii-amendeaza\/' data-rel='slide-1' class='slide-image' title='IGSU \u00ee\u0219i antreneaz\u0103 pompierii \u00een condi\u021bii pentru care pe al\u021bii \u00eei amendeaz\u0103'><img loading=\"lazy\" decoding=\"async\" width=\"495\" height=\"400\" src=\"https:\/\/apador.org\/wp-content\/uploads\/2024\/07\/ostilitate-495x400.jpg\" class=\"attachment-portfolio size-portfolio wp-post-image\" alt=\"\" srcset=\"https:\/\/apador.org\/wp-content\/uploads\/2024\/07\/ostilitate-495x400.jpg 495w, https:\/\/apador.org\/wp-content\/uploads\/2024\/07\/ostilitate-845x684.jpg 845w\" sizes=\"auto, (max-width: 495px) 100vw, 495px\" \/><\/a><div class='slide-content'><header class=\"entry-content-header\"><h3 class='slide-entry-title entry-title '  itemprop=\"headline\" ><a href='https:\/\/apador.org\/en\/igsu-isi-antreneaza-pompierii-in-conditii-pentru-care-pe-altii-ii-amendeaza\/' title='IGSU \u00ee\u0219i antreneaz\u0103 pompierii \u00een condi\u021bii pentru care pe al\u021bii \u00eei amendeaz\u0103'>IGSU \u00ee\u0219i antreneaz\u0103 pompierii \u00een condi\u021bii pentru care pe al\u021bii \u00eei amendeaz\u0103<\/a><\/h3><span class=\"av-vertical-delimiter\"><\/span><\/header><div class='slide-meta'><time class='slide-meta-time updated'  itemprop=\"datePublished\" datetime=\"2024-08-02T12:34:11+00:00\" >02\/08\/2024<\/time><\/div><div class='slide-entry-excerpt entry-content'  itemprop=\"text\" >Condi\u021biile insalubre \u0219i periculoase \u00een care sunt trimi\u0219i s\u0103 se antreneze pompierii Rom\u00e2niei - o relatare primit\u0103 de la un pompier cu 18 ani vechime<div class=\"read-more-link\"><a href=\"https:\/\/apador.org\/en\/igsu-isi-antreneaza-pompierii-in-conditii-pentru-care-pe-altii-ii-amendeaza\/\" class=\"more-link\">Read more<span class=\"more-link-arrow\"><\/span><\/a><\/div><\/div><\/div><footer class=\"entry-footer\"><\/footer><span class='hidden'>\n\t\t\t\t<span class='av-structured-data'  itemprop=\"image\" itemscope=\"itemscope\" itemtype=\"https:\/\/schema.org\/ImageObject\" >\n\t\t\t\t\t\t<span itemprop='url'>https:\/\/apador.org\/wp-content\/uploads\/2024\/07\/ostilitate.jpg<\/span>\n\t\t\t\t\t\t<span itemprop='height'>960<\/span>\n\t\t\t\t\t\t<span itemprop='width'>1280<\/span>\n\t\t\t\t<\/span>\n\t\t\t\t<span class='av-structured-data'  itemprop=\"publisher\" itemtype=\"https:\/\/schema.org\/Organization\" itemscope=\"itemscope\" >\n\t\t\t\t\t\t<span itemprop='name'>Rasista<\/span>\n\t\t\t\t\t\t<span itemprop='logo' itemscope itemtype='https:\/\/schema.org\/ImageObject'>\n\t\t\t\t\t\t\t<span itemprop='url'>https:\/\/apador.org\/wp-content\/uploads\/2020\/09\/apador-logo-tmp-300x159.png<\/span>\n\t\t\t\t\t\t <\/span>\n\t\t\t\t<\/span><span class='av-structured-data'  itemprop=\"author\" itemscope=\"itemscope\" itemtype=\"https:\/\/schema.org\/Person\" ><span itemprop='name'>Rasista<\/span><\/span><span class='av-structured-data'  itemprop=\"datePublished\" datetime=\"2024-08-02T12:30:57+00:00\" >2024-08-02 12:34:11<\/span><span class='av-structured-data'  itemprop=\"dateModified\" itemtype=\"https:\/\/schema.org\/dateModified\" >2024-08-09 12:48:50<\/span><span class='av-structured-data'  itemprop=\"mainEntityOfPage\" itemtype=\"https:\/\/schema.org\/mainEntityOfPage\" ><span itemprop='name'>IGSU \u00ee\u0219i antreneaz\u0103 pompierii \u00een condi\u021bii pentru care pe al\u021bii \u00eei amendeaz\u0103<\/span><\/span><\/span><\/article><\/div><\/div><\/div>","protected":false},"excerpt":{"rendered":"<p>Sorry, this entry is only available in Rom\u00e2n\u0103. For the sake of viewer convenience, the content is shown below in the alternative language. You may click the link to switch the active language.<\/p>\n","protected":false},"author":2,"featured_media":0,"parent":0,"menu_order":0,"comment_status":"closed","ping_status":"closed","template":"","meta":{"footnotes":""},"class_list":["post-11220","page","type-page","status-publish","hentry"],"_links":{"self":[{"href":"https:\/\/apador.org\/en\/wp-json\/wp\/v2\/pages\/11220","targetHints":{"allow":["GET"]}}],"collection":[{"href":"https:\/\/apador.org\/en\/wp-json\/wp\/v2\/pages"}],"about":[{"href":"https:\/\/apador.org\/en\/wp-json\/wp\/v2\/types\/page"}],"author":[{"embeddable":true,"href":"https:\/\/apador.org\/en\/wp-json\/wp\/v2\/users\/2"}],"replies":[{"embeddable":true,"href":"https:\/\/apador.org\/en\/wp-json\/wp\/v2\/comments?post=11220"}],"version-history":[{"count":6,"href":"https:\/\/apador.org\/en\/wp-json\/wp\/v2\/pages\/11220\/revisions"}],"predecessor-version":[{"id":11227,"href":"https:\/\/apador.org\/en\/wp-json\/wp\/v2\/pages\/11220\/revisions\/11227"}],"wp:attachment":[{"href":"https:\/\/apador.org\/en\/wp-json\/wp\/v2\/media?parent=11220"}],"curies":[{"name":"wp","href":"https:\/\/api.w.org\/{rel}","templated":true}]}}