{"id":11887,"date":"2026-02-11T14:22:55","date_gmt":"2026-02-11T12:22:55","guid":{"rendered":"https:\/\/apador.org\/?page_id=11887"},"modified":"2026-02-11T14:22:55","modified_gmt":"2026-02-11T12:22:55","slug":"codul-rutier-al-drepturilor-omului","status":"publish","type":"page","link":"https:\/\/apador.org\/en\/codul-rutier-al-drepturilor-omului\/","title":{"rendered":"Codul rutier al drepturilor omului"},"content":{"rendered":"<p class=\"qtranxs-available-languages-message qtranxs-available-languages-message-en\">Sorry, this entry is only available in <a href=\"https:\/\/apador.org\/ro\/wp-json\/wp\/v2\/pages\/11887\" class=\"qtranxs-available-language-link qtranxs-available-language-link-ro\" title=\"Rom\u00e2n\u0103\">Rom\u00e2n\u0103<\/a>. For the sake of viewer convenience, the content is shown below in the alternative language. You may click the link to switch the active language.<\/p><p style=\"text-align: justify;\"><strong>10 decembrie<\/strong> marcheaz\u0103 \u00een lume Ziua Interna\u021bional\u0103 a Drepturilor Omului.<\/p>\n<p style=\"text-align: justify;\">La 10 decembrie 1948, Adunarea general\u0103 a Organiza\u021biei Na\u021biunilor Unite a adoptat Declara\u021bia Universal\u0103 a Drepturilor Omului.<\/p>\n<p style=\"text-align: justify;\">\u00cen iunie 1990 s-a \u00eenfiin\u021bat la Bucure\u0219ti <strong>Asocia\u021bia Pentru Ap\u0103rarea Drepturilor Omului \u00een Rom\u00e2nia \u2013 Comitetul Helsinki (APADOR-CH)<\/strong>.<\/p>\n<p style=\"text-align: justify;\">\u00cen 2015, la \u00eemplinirea a 25 de ani de existen\u021b\u0103 a asocia\u021biei, artista <a href=\"https:\/\/www.facebook.com\/carmennistorart\" target=\"_blank\" rel=\"noopener\">Carmen Nistor<\/a> a desenat pentru APADOR-CH 23 dintre drepturile fundamentale prev\u0103zute de Conven\u021bia European\u0103 a Drepturilor Omului sub forma semnelor de circula\u021bie, pentru a fi mai u\u0219or \u00een\u021belese \u0219i re\u021binute de oameni.<\/p>\n<p style=\"text-align: justify;\">Pot fi folosite de oricine, cu condi\u021bia men\u021bion\u0103rii sursei lor.<\/p>\n<p style=\"text-align: justify;\"><div  class='avia-button-wrap avia-button-left  avia-builder-el-0  el_before_av_gallery  avia-builder-el-first ' ><a href='https:\/\/apador.org\/wp-content\/uploads\/2026\/02\/iconuri-drepturi-jpg.zip'  class='avia-button   avia-icon_select-no avia-color-theme-color avia-size-medium avia-position-left '   ><span class='avia_iconbox_title' >Descarc\u0103 iconuri drepturi<\/span><\/a><\/div>\n<p style=\"text-align: justify;\">M\u0103car o dat\u0103 pe an, de 10 decembrie, cite\u0219te ce <a href=\"https:\/\/apador.org\/drepturi-absolute-si-drepturi-relative\/\" target=\"_blank\" rel=\"noopener\">drepturi fundamentale<\/a> ai! \u00cen restul anului, lupt\u0103 pentru ele!<\/p>\n<p style=\"text-align: justify;\"><div  class='avia-gallery  avia-gallery-1 deactivate_avia_lazyload avia-gallery-animate avia_animate_when_visible  avia-builder-el-1  el_after_av_button  avia-builder-el-last '  itemprop=\"image\" itemscope=\"itemscope\" itemtype=\"https:\/\/schema.org\/ImageObject\" ><div class='avia-gallery-thumb'> <a href='https:\/\/apador.org\/wp-content\/uploads\/2015\/12\/01_dreptul-la-viata.jpg' data-rel='gallery-1' data-prev-img='https:\/\/apador.org\/wp-content\/uploads\/2015\/12\/01_dreptul-la-viata-495x400.jpg' class='first_thumb lightbox ' data-onclick='1' title=''  itemprop=\"thumbnailUrl\" ><img  src='https:\/\/apador.org\/wp-content\/uploads\/2015\/12\/01_dreptul-la-viata-80x80.jpg' width='80' height='80'  title='Dreptul la viata' alt='' \/><\/a> <a href='https:\/\/apador.org\/wp-content\/uploads\/2015\/12\/02_interzicerea-torturii.jpg' data-rel='gallery-1' data-prev-img='https:\/\/apador.org\/wp-content\/uploads\/2015\/12\/02_interzicerea-torturii-495x400.jpg' class='lightbox ' data-onclick='2' title=''  itemprop=\"thumbnailUrl\" ><img  src='https:\/\/apador.org\/wp-content\/uploads\/2015\/12\/02_interzicerea-torturii-80x80.jpg' width='80' height='80'  title='Interzicerea torturii' alt='' \/><\/a> <a href='https:\/\/apador.org\/wp-content\/uploads\/2015\/12\/03_interzicerea-sclaviei.jpg' data-rel='gallery-1' data-prev-img='https:\/\/apador.org\/wp-content\/uploads\/2015\/12\/03_interzicerea-sclaviei-495x400.jpg' class='lightbox ' data-onclick='3' title=''  itemprop=\"thumbnailUrl\" ><img  src='https:\/\/apador.org\/wp-content\/uploads\/2015\/12\/03_interzicerea-sclaviei-80x80.jpg' width='80' height='80'  title='Interzicerea sclaviei' alt='' \/><\/a> <a href='https:\/\/apador.org\/wp-content\/uploads\/2015\/12\/04_libertate-si-siguranta.jpg' data-rel='gallery-1' data-prev-img='https:\/\/apador.org\/wp-content\/uploads\/2015\/12\/04_libertate-si-siguranta-495x400.jpg' class='lightbox ' data-onclick='4' title=''  itemprop=\"thumbnailUrl\" ><img  src='https:\/\/apador.org\/wp-content\/uploads\/2015\/12\/04_libertate-si-siguranta-80x80.jpg' width='80' height='80'  title='Libertate si siguranta' alt='' \/><\/a> <a href='https:\/\/apador.org\/wp-content\/uploads\/2015\/12\/05_dreptul-la-un-proces-echitabil.jpg' data-rel='gallery-1' data-prev-img='https:\/\/apador.org\/wp-content\/uploads\/2015\/12\/05_dreptul-la-un-proces-echitabil-495x400.jpg' class='lightbox ' data-onclick='5' title=''  itemprop=\"thumbnailUrl\" ><img  src='https:\/\/apador.org\/wp-content\/uploads\/2015\/12\/05_dreptul-la-un-proces-echitabil-80x80.jpg' width='80' height='80'  title='Dreptul la un proces echitabil' alt='' \/><\/a> <a href='https:\/\/apador.org\/wp-content\/uploads\/2015\/12\/06_viata-privata-si-de-familie.jpg' data-rel='gallery-1' data-prev-img='https:\/\/apador.org\/wp-content\/uploads\/2015\/12\/06_viata-privata-si-de-familie-495x400.jpg' class='first_thumb lightbox ' data-onclick='6' title=''  itemprop=\"thumbnailUrl\" ><img  src='https:\/\/apador.org\/wp-content\/uploads\/2015\/12\/06_viata-privata-si-de-familie-80x80.jpg' width='80' height='80'  title='Dreptul la viata privata si de familie' alt='' \/><\/a> <a href='https:\/\/apador.org\/wp-content\/uploads\/2015\/12\/07_libertatea-de-gandire.jpg' data-rel='gallery-1' data-prev-img='https:\/\/apador.org\/wp-content\/uploads\/2015\/12\/07_libertatea-de-gandire-495x400.jpg' class='lightbox ' data-onclick='7' title=''  itemprop=\"thumbnailUrl\" ><img  src='https:\/\/apador.org\/wp-content\/uploads\/2015\/12\/07_libertatea-de-gandire-80x80.jpg' width='80' height='80'  title='Libertatea de gandire' alt='' \/><\/a> <a href='https:\/\/apador.org\/wp-content\/uploads\/2015\/12\/08_libertatea-de-exprimare.jpg' data-rel='gallery-1' data-prev-img='https:\/\/apador.org\/wp-content\/uploads\/2015\/12\/08_libertatea-de-exprimare-495x400.jpg' class='lightbox ' data-onclick='8' title=''  itemprop=\"thumbnailUrl\" ><img  src='https:\/\/apador.org\/wp-content\/uploads\/2015\/12\/08_libertatea-de-exprimare-80x80.jpg' width='80' height='80'  title='Libertatea de exprimare' alt='' \/><\/a> <a href='https:\/\/apador.org\/wp-content\/uploads\/2015\/12\/09_libertatea-de-asociere.jpg' data-rel='gallery-1' data-prev-img='https:\/\/apador.org\/wp-content\/uploads\/2015\/12\/09_libertatea-de-asociere-495x400.jpg' class='lightbox ' data-onclick='9' title=''  itemprop=\"thumbnailUrl\" ><img  src='https:\/\/apador.org\/wp-content\/uploads\/2015\/12\/09_libertatea-de-asociere-80x80.jpg' width='80' height='80'  title='Llibertatea de asociere' alt='' \/><\/a> <a href='https:\/\/apador.org\/wp-content\/uploads\/2015\/12\/10_dreptul-la-casatorie.jpg' data-rel='gallery-1' data-prev-img='https:\/\/apador.org\/wp-content\/uploads\/2015\/12\/10_dreptul-la-casatorie-495x400.jpg' class='lightbox ' data-onclick='10' title=''  itemprop=\"thumbnailUrl\" ><img  src='https:\/\/apador.org\/wp-content\/uploads\/2015\/12\/10_dreptul-la-casatorie-80x80.jpg' width='80' height='80'  title='Dreptul la casatorie' alt='' \/><\/a> <a href='https:\/\/apador.org\/wp-content\/uploads\/2015\/12\/11_dreptul-la-procedura-reparatorie.jpg' data-rel='gallery-1' data-prev-img='https:\/\/apador.org\/wp-content\/uploads\/2015\/12\/11_dreptul-la-procedura-reparatorie-495x400.jpg' class='first_thumb lightbox ' data-onclick='11' title=''  itemprop=\"thumbnailUrl\" ><img  src='https:\/\/apador.org\/wp-content\/uploads\/2015\/12\/11_dreptul-la-procedura-reparatorie-80x80.jpg' width='80' height='80'  title='Dreptul la procedura reparatorie' alt='' \/><\/a> <a href='https:\/\/apador.org\/wp-content\/uploads\/2015\/12\/12_interzicerea-discriminarii.jpg' data-rel='gallery-1' data-prev-img='https:\/\/apador.org\/wp-content\/uploads\/2015\/12\/12_interzicerea-discriminarii-495x400.jpg' class='lightbox ' data-onclick='12' title=''  itemprop=\"thumbnailUrl\" ><img  src='https:\/\/apador.org\/wp-content\/uploads\/2015\/12\/12_interzicerea-discriminarii-80x80.jpg' width='80' height='80'  title='Interzicerea discriminarii' alt='' \/><\/a> <a href='https:\/\/apador.org\/wp-content\/uploads\/2015\/12\/13_protectia-proprietatii.jpg' data-rel='gallery-1' data-prev-img='https:\/\/apador.org\/wp-content\/uploads\/2015\/12\/13_protectia-proprietatii-495x400.jpg' class='lightbox ' data-onclick='13' title=''  itemprop=\"thumbnailUrl\" ><img  src='https:\/\/apador.org\/wp-content\/uploads\/2015\/12\/13_protectia-proprietatii-80x80.jpg' width='80' height='80'  title='Protectia proprietatii' alt='' \/><\/a> <a href='https:\/\/apador.org\/wp-content\/uploads\/2015\/12\/14_dreptul-la-instruire.jpg' data-rel='gallery-1' data-prev-img='https:\/\/apador.org\/wp-content\/uploads\/2015\/12\/14_dreptul-la-instruire-495x400.jpg' class='lightbox ' data-onclick='14' title=''  itemprop=\"thumbnailUrl\" ><img  src='https:\/\/apador.org\/wp-content\/uploads\/2015\/12\/14_dreptul-la-instruire-80x80.jpg' width='80' height='80'  title='Dreptul la instruire' alt='' \/><\/a> <a href='https:\/\/apador.org\/wp-content\/uploads\/2015\/12\/15_dreptul-la-alegeri-libere.jpg' data-rel='gallery-1' data-prev-img='https:\/\/apador.org\/wp-content\/uploads\/2015\/12\/15_dreptul-la-alegeri-libere-495x400.jpg' class='lightbox ' data-onclick='15' title=''  itemprop=\"thumbnailUrl\" ><img  src='https:\/\/apador.org\/wp-content\/uploads\/2015\/12\/15_dreptul-la-alegeri-libere-80x80.jpg' width='80' height='80'  title='Dreptul la alegeri libere' alt='' \/><\/a> <a href='https:\/\/apador.org\/wp-content\/uploads\/2015\/12\/16_fara-inchisoare-pentru-datorii-contractuale.jpg' data-rel='gallery-1' data-prev-img='https:\/\/apador.org\/wp-content\/uploads\/2015\/12\/16_fara-inchisoare-pentru-datorii-contractuale-495x400.jpg' class='first_thumb lightbox ' data-onclick='16' title=''  itemprop=\"thumbnailUrl\" ><img  src='https:\/\/apador.org\/wp-content\/uploads\/2015\/12\/16_fara-inchisoare-pentru-datorii-contractuale-80x80.jpg' width='80' height='80'  title='Fara inchisoare pentru datorii contractuale' alt='' \/><\/a> <a href='https:\/\/apador.org\/wp-content\/uploads\/2015\/12\/17_libertatea-de-circulatie.jpg' data-rel='gallery-1' data-prev-img='https:\/\/apador.org\/wp-content\/uploads\/2015\/12\/17_libertatea-de-circulatie-495x400.jpg' class='lightbox ' data-onclick='17' title=''  itemprop=\"thumbnailUrl\" ><img  src='https:\/\/apador.org\/wp-content\/uploads\/2015\/12\/17_libertatea-de-circulatie-80x80.jpg' width='80' height='80'  title='Libertatea de circulatie' alt='' \/><\/a> <a href='https:\/\/apador.org\/wp-content\/uploads\/2015\/12\/18_interzisa-expulzarea-arbitrara.jpg' data-rel='gallery-1' data-prev-img='https:\/\/apador.org\/wp-content\/uploads\/2015\/12\/18_interzisa-expulzarea-arbitrara-495x400.jpg' class='lightbox ' data-onclick='18' title=''  itemprop=\"thumbnailUrl\" ><img  src='https:\/\/apador.org\/wp-content\/uploads\/2015\/12\/18_interzisa-expulzarea-arbitrara-80x80.jpg' width='80' height='80'  title='Interzisa expulzarea arbitrara' alt='' \/><\/a> <a href='https:\/\/apador.org\/wp-content\/uploads\/2015\/12\/19_dreptul-la-cale-de-atac.jpg' data-rel='gallery-1' data-prev-img='https:\/\/apador.org\/wp-content\/uploads\/2015\/12\/19_dreptul-la-cale-de-atac-495x400.jpg' class='lightbox ' data-onclick='19' title=''  itemprop=\"thumbnailUrl\" ><img  src='https:\/\/apador.org\/wp-content\/uploads\/2015\/12\/19_dreptul-la-cale-de-atac-80x80.jpg' width='80' height='80'  title='Dreptul la o cale de atac' alt='' \/><\/a> <a href='https:\/\/apador.org\/wp-content\/uploads\/2015\/12\/20_despagubiri-pentru-eroare-judiciara.jpg' data-rel='gallery-1' data-prev-img='https:\/\/apador.org\/wp-content\/uploads\/2015\/12\/20_despagubiri-pentru-eroare-judiciara-495x400.jpg' class='lightbox ' data-onclick='20' title=''  itemprop=\"thumbnailUrl\" ><img  src='https:\/\/apador.org\/wp-content\/uploads\/2015\/12\/20_despagubiri-pentru-eroare-judiciara-80x80.jpg' width='80' height='80'  title='Despagubiri pentru eroare judiciara' alt='' \/><\/a> <a href='https:\/\/apador.org\/wp-content\/uploads\/2015\/12\/21_interzisa-condamnarea-retroactiva.jpg' data-rel='gallery-1' data-prev-img='https:\/\/apador.org\/wp-content\/uploads\/2015\/12\/21_interzisa-condamnarea-retroactiva-495x400.jpg' class='first_thumb lightbox ' data-onclick='21' title=''  itemprop=\"thumbnailUrl\" ><img  src='https:\/\/apador.org\/wp-content\/uploads\/2015\/12\/21_interzisa-condamnarea-retroactiva-80x80.jpg' width='80' height='80'  title='Interzisa condamnarea retroactiva' alt='' \/><\/a> <a href='https:\/\/apador.org\/wp-content\/uploads\/2015\/12\/22_interzisa-pedeapsa-de-doua-ori-pentru-aceeasi-fapta.jpg' data-rel='gallery-1' data-prev-img='https:\/\/apador.org\/wp-content\/uploads\/2015\/12\/22_interzisa-pedeapsa-de-doua-ori-pentru-aceeasi-fapta-495x400.jpg' class='lightbox ' data-onclick='22' title=''  itemprop=\"thumbnailUrl\" ><img  src='https:\/\/apador.org\/wp-content\/uploads\/2015\/12\/22_interzisa-pedeapsa-de-doua-ori-pentru-aceeasi-fapta-80x80.jpg' width='80' height='80'  title='Interzisa pedeapsa de doua ori pentru aceeasi fapta' alt='' \/><\/a> <a href='https:\/\/apador.org\/wp-content\/uploads\/2015\/12\/23_egalitate-intre-soti.jpg' data-rel='gallery-1' data-prev-img='https:\/\/apador.org\/wp-content\/uploads\/2015\/12\/23_egalitate-intre-soti-495x400.jpg' class='lightbox ' data-onclick='23' title=''  itemprop=\"thumbnailUrl\" ><img  src='https:\/\/apador.org\/wp-content\/uploads\/2015\/12\/23_egalitate-intre-soti-80x80.jpg' width='80' height='80'  title='Egalitate intre soti' alt='Egalitate intre soti' \/><\/a><\/div><\/div>\n<p style=\"text-align: justify;\">","protected":false},"excerpt":{"rendered":"<p class=\"qtranxs-available-languages-message qtranxs-available-languages-message-en\">Sorry, this entry is only available in <a href=\"https:\/\/apador.org\/ro\/wp-json\/wp\/v2\/pages\/11887\" class=\"qtranxs-available-language-link qtranxs-available-language-link-ro\" title=\"Rom\u00e2n\u0103\">Rom\u00e2n\u0103<\/a>. For the sake of viewer convenience, the content is shown below in the alternative language. You may click the link to switch the active language.<\/p>\n<p>Drepturile omului desenate ca semne de cirucla\u021bie, de artista Carmen Nistor<\/p>\n","protected":false},"author":7,"featured_media":0,"parent":0,"menu_order":0,"comment_status":"closed","ping_status":"closed","template":"","meta":{"footnotes":""},"class_list":["post-11887","page","type-page","status-publish","hentry"],"_links":{"self":[{"href":"https:\/\/apador.org\/en\/wp-json\/wp\/v2\/pages\/11887","targetHints":{"allow":["GET"]}}],"collection":[{"href":"https:\/\/apador.org\/en\/wp-json\/wp\/v2\/pages"}],"about":[{"href":"https:\/\/apador.org\/en\/wp-json\/wp\/v2\/types\/page"}],"author":[{"embeddable":true,"href":"https:\/\/apador.org\/en\/wp-json\/wp\/v2\/users\/7"}],"replies":[{"embeddable":true,"href":"https:\/\/apador.org\/en\/wp-json\/wp\/v2\/comments?post=11887"}],"version-history":[{"count":5,"href":"https:\/\/apador.org\/en\/wp-json\/wp\/v2\/pages\/11887\/revisions"}],"predecessor-version":[{"id":11991,"href":"https:\/\/apador.org\/en\/wp-json\/wp\/v2\/pages\/11887\/revisions\/11991"}],"wp:attachment":[{"href":"https:\/\/apador.org\/en\/wp-json\/wp\/v2\/media?parent=11887"}],"curies":[{"name":"wp","href":"https:\/\/api.w.org\/{rel}","templated":true}]}}