{"id":2030,"date":"2014-02-26T12:25:59","date_gmt":"2014-02-26T12:25:59","guid":{"rendered":"http:\/\/www.apador.org\/seamus\/?page_id=2030"},"modified":"2020-08-06T19:10:21","modified_gmt":"2020-08-06T17:10:21","slug":"abuzuri-ale-fortelor-de-ordine","status":"publish","type":"page","link":"https:\/\/apador.org\/en\/abuzuri-ale-fortelor-de-ordine\/","title":{"rendered":"Law enforcement abuses"},"content":{"rendered":"<ul class=\"lcp_catlist\" id=\"lcp_instance_1\"><li><p><a href=\"https:\/\/apador.org\/en\/catalin-predoiu-e-un-militian\/\">C\u0103t\u0103lin Predoiu e un mili\u021bian!<\/a><\/p><p class=\"lcp_date\">   February 12th, 2025<\/p><a href=\"https:\/\/apador.org\/en\/catalin-predoiu-e-un-militian\/\" title=\"C\u0103t\u0103lin Predoiu e un mili\u021bian!\"><img loading=\"lazy\" decoding=\"async\" width=\"100\" height=\"99\" src=\"https:\/\/apador.org\/wp-content\/uploads\/2025\/02\/militian-final.jpg\" class=\"lcp_thumbnail wp-post-image\" alt=\"C\u0103t\u0103lin Predoiu e un mili\u021bian!\" srcset=\"https:\/\/apador.org\/wp-content\/uploads\/2025\/02\/militian-final.jpg 1282w, https:\/\/apador.org\/wp-content\/uploads\/2025\/02\/militian-final-300x296.jpg 300w, https:\/\/apador.org\/wp-content\/uploads\/2025\/02\/militian-final-1030x1016.jpg 1030w, https:\/\/apador.org\/wp-content\/uploads\/2025\/02\/militian-final-80x80.jpg 80w, https:\/\/apador.org\/wp-content\/uploads\/2025\/02\/militian-final-768x757.jpg 768w, https:\/\/apador.org\/wp-content\/uploads\/2025\/02\/militian-final-36x36.jpg 36w, https:\/\/apador.org\/wp-content\/uploads\/2025\/02\/militian-final-180x180.jpg 180w, https:\/\/apador.org\/wp-content\/uploads\/2025\/02\/militian-final-705x695.jpg 705w, https:\/\/apador.org\/wp-content\/uploads\/2025\/02\/militian-final-120x120.jpg 120w\" sizes=\"auto, (max-width: 100px) 100vw, 100px\" \/><\/a><p class=\"lcp_excerpt\">APADOR-CH se solidarizeaz\u0103 cu cet\u0103\u021beanul intimidat de poli\u021bi\u0219ti pe motiv c\u0103 l-ar fi jignit pe ministrul de interne. \u00cei invit\u0103m, de asemenea, pe to\u021bi cei care cred c\u0103 atitudinea poli\u021bi\u0219tilor condu\u0219i de ministrul Predoiu este ilegal\u0103 \u0219i abuziv\u0103, s\u0103 ni se al\u0103ture \u00een acest demers ...<\/p><\/li><li><p><a href=\"https:\/\/apador.org\/en\/cati-oameni-mai-trebuie-impuscati-in-cap-ca-sa-se-reformeze-politia-si-parchetul\/\">C\u00e2\u021bi oameni mai trebuie \u00eempu\u0219ca\u021bi \u00een cap ca s\u0103 se reformeze Poli\u021bia \u0219i Parchetul?<\/a><\/p><p class=\"lcp_date\">   August 31st, 2022<\/p><a href=\"https:\/\/apador.org\/en\/cati-oameni-mai-trebuie-impuscati-in-cap-ca-sa-se-reformeze-politia-si-parchetul\/\" title=\"C\u00e2\u021bi oameni mai trebuie \u00eempu\u0219ca\u021bi \u00een cap ca s\u0103 se reformeze Poli\u021bia \u0219i Parchetul?\"><img loading=\"lazy\" decoding=\"async\" width=\"100\" height=\"60\" src=\"https:\/\/apador.org\/wp-content\/uploads\/2022\/08\/masina-sorin-parvu.jpg\" class=\"lcp_thumbnail wp-post-image\" alt=\"C\u00e2\u021bi oameni mai trebuie \u00eempu\u0219ca\u021bi \u00een cap ca s\u0103 se reformeze Poli\u021bia \u0219i Parchetul?\" srcset=\"https:\/\/apador.org\/wp-content\/uploads\/2022\/08\/masina-sorin-parvu.jpg 700w, https:\/\/apador.org\/wp-content\/uploads\/2022\/08\/masina-sorin-parvu-300x180.jpg 300w\" sizes=\"auto, (max-width: 100px) 100vw, 100px\" \/><\/a><p class=\"lcp_excerpt\">Rom\u00e2nia intr\u0103 \u00een monitorizarea Comitetul de Mini\u0219tri dup\u0103 ce CEDO a constatat, a treia oar\u0103, c\u0103 statul prefer\u0103 s\u0103 pl\u0103teasc\u0103 desp\u0103gubiri pentru victimele poli\u021biei, \u00een loc s\u0103 ia m\u0103suri sistemice ca s\u0103 se asigure c\u0103 poli\u021bia nu folose\u0219te o for\u021b\u0103 excesiv\u0103 la interven\u021bii \u0219i c\u0103 ...<\/p><\/li><li><p><a href=\"https:\/\/apador.org\/en\/politist-condamnat-la-inchisoare-cu-suspendare-pentru-ca-a-batut-un-cetatean-in-sectia-17\/\">Poli\u021bist condamnat la \u00eenchisoare cu suspendare pentru c\u0103 a b\u0103tut un cet\u0103\u021bean \u00een Sec\u021bia 17<\/a><\/p><p class=\"lcp_date\">   June 22nd, 2020<\/p><a href=\"https:\/\/apador.org\/en\/politist-condamnat-la-inchisoare-cu-suspendare-pentru-ca-a-batut-un-cetatean-in-sectia-17\/\" title=\"Poli\u021bist condamnat la \u00eenchisoare cu suspendare pentru c\u0103 a b\u0103tut un cet\u0103\u021bean \u00een Sec\u021bia 17\"><img loading=\"lazy\" decoding=\"async\" width=\"100\" height=\"42\" src=\"https:\/\/apador.org\/wp-content\/uploads\/2020\/06\/motivare2.jpg\" class=\"lcp_thumbnail wp-post-image\" alt=\"Poli\u021bist condamnat la \u00eenchisoare cu suspendare pentru c\u0103 a b\u0103tut un cet\u0103\u021bean \u00een Sec\u021bia 17\" srcset=\"https:\/\/apador.org\/wp-content\/uploads\/2020\/06\/motivare2.jpg 800w, https:\/\/apador.org\/wp-content\/uploads\/2020\/06\/motivare2-300x125.jpg 300w, https:\/\/apador.org\/wp-content\/uploads\/2020\/06\/motivare2-768x319.jpg 768w, https:\/\/apador.org\/wp-content\/uploads\/2020\/06\/motivare2-705x293.jpg 705w\" sizes=\"auto, (max-width: 100px) 100vw, 100px\" \/><\/a><p class=\"lcp_excerpt\">Dup\u0103 cinci ani de tergivers\u0103ri, \u00een care poli\u021bia \u0219i procurorii mai mult nu au vrut s\u0103-l ancheteze pe agresor, justi\u021bia l-a condamnat pe poli\u021bistul A. S. la 10 luni de \u00eenchisoare cu suspendare \u0219i 10.000 de lei daune morale pentru victim\u0103\n<\/p><\/li><li><p><a href=\"https:\/\/apador.org\/en\/politist-condamnat-la-inchisoare-cu-suspendare-pentru-ca-a-batut-un-cetatean-in-sectia-17-2\/\">Poli\u021bist condamnat la \u00eenchisoare cu suspendare pentru c\u0103 a b\u0103tut un cet\u0103\u021bean \u00een Sec\u021bia 17<\/a><\/p><p class=\"lcp_date\">   June 22nd, 2020<\/p><a href=\"https:\/\/apador.org\/en\/politist-condamnat-la-inchisoare-cu-suspendare-pentru-ca-a-batut-un-cetatean-in-sectia-17-2\/\" title=\"Poli\u021bist condamnat la \u00eenchisoare cu suspendare pentru c\u0103 a b\u0103tut un cet\u0103\u021bean \u00een Sec\u021bia 17\"><img loading=\"lazy\" decoding=\"async\" width=\"100\" height=\"42\" src=\"https:\/\/apador.org\/wp-content\/uploads\/2020\/06\/motivare2.jpg\" class=\"lcp_thumbnail wp-post-image\" alt=\"Poli\u021bist condamnat la \u00eenchisoare cu suspendare pentru c\u0103 a b\u0103tut un cet\u0103\u021bean \u00een Sec\u021bia 17\" srcset=\"https:\/\/apador.org\/wp-content\/uploads\/2020\/06\/motivare2.jpg 800w, https:\/\/apador.org\/wp-content\/uploads\/2020\/06\/motivare2-300x125.jpg 300w, https:\/\/apador.org\/wp-content\/uploads\/2020\/06\/motivare2-768x319.jpg 768w, https:\/\/apador.org\/wp-content\/uploads\/2020\/06\/motivare2-705x293.jpg 705w\" sizes=\"auto, (max-width: 100px) 100vw, 100px\" \/><\/a><p class=\"lcp_excerpt\">Dup\u0103 cinci ani de tergivers\u0103ri, \u00een care poli\u021bia \u0219i procurorii mai mult nu au vrut s\u0103-l ancheteze pe agresor, justi\u021bia l-a condamnat pe poli\u021bistul A. S. la 10 luni de \u00eenchisoare cu suspendare \u0219i 10.000 de lei daune morale pentru victim\u0103\n<\/p><\/li><li><p><a href=\"https:\/\/apador.org\/en\/ce-se-intampla-cand-un-politist-spune-ca-politia-greseste\/\">Ce se \u00eent\u00e2mpl\u0103 c\u00e2nd un poli\u021bist spune c\u0103 Poli\u021bia gre\u0219e\u0219te<\/a><\/p><p class=\"lcp_date\">   April 27th, 2020<\/p><a href=\"https:\/\/apador.org\/en\/ce-se-intampla-cand-un-politist-spune-ca-politia-greseste\/\" title=\"Ce se \u00eent\u00e2mpl\u0103 c\u00e2nd un poli\u021bist spune c\u0103 Poli\u021bia gre\u0219e\u0219te\"><img loading=\"lazy\" decoding=\"async\" width=\"100\" height=\"54\" src=\"https:\/\/apador.org\/wp-content\/uploads\/2020\/03\/politist.jpg\" class=\"lcp_thumbnail wp-post-image\" alt=\"Ce se \u00eent\u00e2mpl\u0103 c\u00e2nd un poli\u021bist spune c\u0103 Poli\u021bia gre\u0219e\u0219te\" srcset=\"https:\/\/apador.org\/wp-content\/uploads\/2020\/03\/politist.jpg 650w, https:\/\/apador.org\/wp-content\/uploads\/2020\/03\/politist-300x163.jpg 300w\" sizes=\"auto, (max-width: 100px) 100vw, 100px\" \/><\/a><p class=\"lcp_excerpt\">APADOR-CH \u00eei cere \u0219efului IGPR s\u0103 cerceteze cazul poli\u021bistului Kovacs Valer-Sandor de la IPJ Timi\u0219, sanc\u021bionat abuziv de superiori pentru c\u0103 a vorbit public despre neajunsurile din poli\u021bie.\n<\/p><\/li><li><p><a href=\"https:\/\/apador.org\/en\/politia-are-nevoie-de-arme-noi-dar-nu-de-foc\/\">Poli\u021bia are nevoie de arme noi. Dar nu de foc<\/a><\/p><p class=\"lcp_date\">   April 22nd, 2020<\/p><a href=\"https:\/\/apador.org\/en\/politia-are-nevoie-de-arme-noi-dar-nu-de-foc\/\" title=\"Poli\u021bia are nevoie de arme noi. Dar nu de foc\"><img loading=\"lazy\" decoding=\"async\" width=\"100\" height=\"63\" src=\"https:\/\/apador.org\/wp-content\/uploads\/2018\/03\/pistol.jpg\" class=\"lcp_thumbnail wp-post-image\" alt=\"Poli\u021bia are nevoie de arme noi. Dar nu de foc\" srcset=\"https:\/\/apador.org\/wp-content\/uploads\/2018\/03\/pistol.jpg 600w, https:\/\/apador.org\/wp-content\/uploads\/2018\/03\/pistol-300x188.jpg 300w\" sizes=\"auto, (max-width: 100px) 100vw, 100px\" \/><\/a><p class=\"lcp_excerpt\">APADOR-CH reitereaz\u0103 necesitatea dot\u0103rii poli\u021bi\u0219tilor cu camere video \u0219i tasere, precum \u0219i instruirea lor periodic\u0103, pentru a pre\u00eent\u00e2mpina conflicte sociale ce s-ar putea solda cu victime de ambele p\u0103r\u021bi \u2013 poli\u021bi\u0219ti \u0219i cet\u0103\u021beni\n<\/p><\/li><li><p><a href=\"https:\/\/apador.org\/en\/regulile-trebuie-respectate-dar-nu-impuse-cu-pumnul\/\">Regulile trebuie respectate, dar nu impuse cu pumnul<\/a><\/p><p class=\"lcp_date\">   April 9th, 2020<\/p><a href=\"https:\/\/apador.org\/en\/regulile-trebuie-respectate-dar-nu-impuse-cu-pumnul\/\" title=\"Regulile trebuie respectate, dar nu impuse cu pumnul\"><img loading=\"lazy\" decoding=\"async\" width=\"100\" height=\"55\" src=\"https:\/\/apador.org\/wp-content\/uploads\/2015\/08\/politie-bataie-650-360.jpg\" class=\"lcp_thumbnail wp-post-image\" alt=\"Regulile trebuie respectate, dar nu impuse cu pumnul\" srcset=\"https:\/\/apador.org\/wp-content\/uploads\/2015\/08\/politie-bataie-650-360.jpg 650w, https:\/\/apador.org\/wp-content\/uploads\/2015\/08\/politie-bataie-650-360-300x166.jpg 300w\" sizes=\"auto, (max-width: 100px) 100vw, 100px\" \/><\/a><p class=\"lcp_excerpt\">Apel la calm \u0219i re\u021binere pentru cet\u0103\u021beni \u0219i autorit\u0103\u021bi deopotriv\u0103, pentru a traversa starea de urgen\u021b\u0103 f\u0103r\u0103 s\u0103 ne pierdem \u00eencrederea unii \u00een al\u021bii\n<\/p><\/li><\/ul><ul class='lcp_paginator'><li class='lcp_currentpage'>1<\/li><li><a href='https:\/\/apador.org\/en\/wp-json\/wp\/v2\/pages\/2030?lcp_page1=2#lcp_instance_1' title='2'>2<\/a><\/li><li><a href='https:\/\/apador.org\/en\/wp-json\/wp\/v2\/pages\/2030?lcp_page1=3#lcp_instance_1' title='3'>3<\/a><\/li><li><a href='https:\/\/apador.org\/en\/wp-json\/wp\/v2\/pages\/2030?lcp_page1=4#lcp_instance_1' title='4'>4<\/a><\/li><li><a href='https:\/\/apador.org\/en\/wp-json\/wp\/v2\/pages\/2030?lcp_page1=5#lcp_instance_1' title='5'>5<\/a><\/li><li><a href='https:\/\/apador.org\/en\/wp-json\/wp\/v2\/pages\/2030?lcp_page1=2#lcp_instance_1' title='2' class='lcp_nextlink'>&gt;&gt;<\/a><\/li><\/ul>","protected":false},"excerpt":{"rendered":"<p>Sorry, this entry is only available in Rom\u00e2n\u0103. For the sake of viewer convenience, the content is shown below in the alternative language. You may click the link to switch the active language.<\/p>\n","protected":false},"author":2,"featured_media":0,"parent":0,"menu_order":0,"comment_status":"closed","ping_status":"open","template":"","meta":{"footnotes":""},"class_list":["post-2030","page","type-page","status-publish","hentry"],"_links":{"self":[{"href":"https:\/\/apador.org\/en\/wp-json\/wp\/v2\/pages\/2030","targetHints":{"allow":["GET"]}}],"collection":[{"href":"https:\/\/apador.org\/en\/wp-json\/wp\/v2\/pages"}],"about":[{"href":"https:\/\/apador.org\/en\/wp-json\/wp\/v2\/types\/page"}],"author":[{"embeddable":true,"href":"https:\/\/apador.org\/en\/wp-json\/wp\/v2\/users\/2"}],"replies":[{"embeddable":true,"href":"https:\/\/apador.org\/en\/wp-json\/wp\/v2\/comments?post=2030"}],"version-history":[{"count":0,"href":"https:\/\/apador.org\/en\/wp-json\/wp\/v2\/pages\/2030\/revisions"}],"wp:attachment":[{"href":"https:\/\/apador.org\/en\/wp-json\/wp\/v2\/media?parent=2030"}],"curies":[{"name":"wp","href":"https:\/\/api.w.org\/{rel}","templated":true}]}}