{"id":233,"date":"2013-09-19T08:04:04","date_gmt":"2013-09-19T08:04:04","guid":{"rendered":"http:\/\/www.apador.org\/seamus\/?page_id=233"},"modified":"2020-08-12T13:11:15","modified_gmt":"2020-08-12T11:11:15","slug":"comunicate","status":"publish","type":"page","link":"https:\/\/apador.org\/en\/comunicate\/","title":{"rendered":"Press releases"},"content":{"rendered":"<ul class=\"lcp_catlist\" id=\"lcp_instance_1\"><li><p><a href=\"https:\/\/apador.org\/en\/inca-o-victorie-a-libertatii-de-conformare\/\">\u00cenc\u0103 o victorie a libert\u0103\u021bii de conformare<\/a><\/p><p class=\"lcp_date\">   April 8th, 2026<\/p><a href=\"https:\/\/apador.org\/en\/inca-o-victorie-a-libertatii-de-conformare\/\" title=\"\u00cenc\u0103 o victorie a libert\u0103\u021bii de conformare\"><img loading=\"lazy\" decoding=\"async\" width=\"100\" height=\"100\" src=\"https:\/\/apador.org\/wp-content\/uploads\/2015\/12\/08_libertatea-de-exprimare.jpg\" class=\"lcp_thumbnail wp-post-image\" alt=\"\u00cenc\u0103 o victorie a libert\u0103\u021bii de conformare\" srcset=\"https:\/\/apador.org\/wp-content\/uploads\/2015\/12\/08_libertatea-de-exprimare.jpg 1000w, https:\/\/apador.org\/wp-content\/uploads\/2015\/12\/08_libertatea-de-exprimare-300x300.jpg 300w, https:\/\/apador.org\/wp-content\/uploads\/2015\/12\/08_libertatea-de-exprimare-80x80.jpg 80w, https:\/\/apador.org\/wp-content\/uploads\/2015\/12\/08_libertatea-de-exprimare-768x768.jpg 768w, https:\/\/apador.org\/wp-content\/uploads\/2015\/12\/08_libertatea-de-exprimare-36x36.jpg 36w, https:\/\/apador.org\/wp-content\/uploads\/2015\/12\/08_libertatea-de-exprimare-180x180.jpg 180w, https:\/\/apador.org\/wp-content\/uploads\/2015\/12\/08_libertatea-de-exprimare-705x705.jpg 705w, https:\/\/apador.org\/wp-content\/uploads\/2015\/12\/08_libertatea-de-exprimare-120x120.jpg 120w\" sizes=\"auto, (max-width: 100px) 100vw, 100px\" \/><\/a><p class=\"lcp_excerpt\">CNA a \u00eenchis televiziunea REALITATEA PLUS \u0219i postul de radio GOLD FM. APADOR-CH cere de urgen\u021b\u0103 modificarea legii audiovizualului care condi\u021bioneaz\u0103 libertatea de exprimare de o practic\u0103 birocratic\u0103 inutil\u0103\n<\/p><\/li><li><p><a href=\"https:\/\/apador.org\/en\/statul-de-drept-in-ue-continua-sa-se-deterioreze-la-fel-si-in-romania\/\">Statul de drept \u00een UE continu\u0103 s\u0103 se deterioreze, la fel \u0219i \u00een Rom\u00e2nia<\/a><\/p><p class=\"lcp_date\">   March 30th, 2026<\/p><a href=\"https:\/\/apador.org\/en\/statul-de-drept-in-ue-continua-sa-se-deterioreze-la-fel-si-in-romania\/\" title=\"Statul de drept \u00een UE continu\u0103 s\u0103 se deterioreze, la fel \u0219i \u00een Rom\u00e2nia\"><img loading=\"lazy\" decoding=\"async\" width=\"100\" height=\"37\" src=\"https:\/\/apador.org\/wp-content\/uploads\/2026\/03\/Mailjet_619x228px.png\" class=\"lcp_thumbnail wp-post-image\" alt=\"Statul de drept \u00een UE continu\u0103 s\u0103 se deterioreze, la fel \u0219i \u00een Rom\u00e2nia\" srcset=\"https:\/\/apador.org\/wp-content\/uploads\/2026\/03\/Mailjet_619x228px.png 619w, https:\/\/apador.org\/wp-content\/uploads\/2026\/03\/Mailjet_619x228px-300x111.png 300w\" sizes=\"auto, (max-width: 100px) 100vw, 100px\" \/><\/a><p class=\"lcp_excerpt\">Raportul privind statul de drept \u00een UE 2025, elaborat de Liberties, arat\u0103 c\u0103 politicienilor europeni nu le mai e fric\u0103 nici m\u0103car de Comisia European\u0103\n<\/p><\/li><li><p><a href=\"https:\/\/apador.org\/en\/guvernul-transforma-amenzile-contraventionale-in-amenzi-penale\/\">Guvernul transform\u0103 amenzile contraven\u021bionale \u00een amenzi penale<\/a><\/p><p class=\"lcp_date\">   January 21st, 2026<\/p><a href=\"https:\/\/apador.org\/en\/guvernul-transforma-amenzile-contraventionale-in-amenzi-penale\/\" title=\"Guvernul transform\u0103 amenzile contraven\u021bionale \u00een amenzi penale\"><img loading=\"lazy\" decoding=\"async\" width=\"100\" height=\"54\" src=\"https:\/\/apador.org\/wp-content\/uploads\/2026\/01\/penal.jpg\" class=\"lcp_thumbnail wp-post-image\" alt=\"Guvernul transform\u0103 amenzile contraven\u021bionale \u00een amenzi penale\" srcset=\"https:\/\/apador.org\/wp-content\/uploads\/2026\/01\/penal.jpg 1023w, https:\/\/apador.org\/wp-content\/uploads\/2026\/01\/penal-300x162.jpg 300w, https:\/\/apador.org\/wp-content\/uploads\/2026\/01\/penal-768x414.jpg 768w, https:\/\/apador.org\/wp-content\/uploads\/2026\/01\/penal-710x375.jpg 710w, https:\/\/apador.org\/wp-content\/uploads\/2026\/01\/penal-705x380.jpg 705w\" sizes=\"auto, (max-width: 100px) 100vw, 100px\" \/><\/a><p class=\"lcp_excerpt\">\u00cen sf\u00e2r\u0219it vom avea o cre\u0219tere la ceva &#8211; la num\u0103rul de infractori la hectar; APADOR-CH cere Guvernului s\u0103 renun\u021be la modificarea legislativ\u0103 din Codul administrativ, care \u00eei va transforma \u00een infractori pe to\u021bi cet\u0103\u021benii care nu-\u0219i achit\u0103 amenzile contraven\u021bionale \u00eentr-un an de zile\n<\/p><\/li><li><p><a href=\"https:\/\/apador.org\/en\/politia-romana-respecta-legea-numai-obligata-de-instanta\/\">Poli\u021bia Rom\u00e2n\u0103 respect\u0103 legea numai obligat\u0103 de instan\u021b\u0103?<\/a><\/p><p class=\"lcp_date\">   December 2nd, 2025<\/p><a href=\"https:\/\/apador.org\/en\/politia-romana-respecta-legea-numai-obligata-de-instanta\/\" title=\"Poli\u021bia Rom\u00e2n\u0103 respect\u0103 legea numai obligat\u0103 de instan\u021b\u0103?\"><img loading=\"lazy\" decoding=\"async\" width=\"100\" height=\"55\" src=\"https:\/\/apador.org\/wp-content\/uploads\/2015\/06\/politisti.jpg\" class=\"lcp_thumbnail wp-post-image\" alt=\"Poli\u021bia Rom\u00e2n\u0103 respect\u0103 legea numai obligat\u0103 de instan\u021b\u0103?\" srcset=\"https:\/\/apador.org\/wp-content\/uploads\/2015\/06\/politisti.jpg 650w, https:\/\/apador.org\/wp-content\/uploads\/2015\/06\/politisti-300x166.jpg 300w\" sizes=\"auto, (max-width: 100px) 100vw, 100px\" \/><\/a><p class=\"lcp_excerpt\">La doi ani de c\u00e2nd am cerut ni\u0219te informa\u021bii publice de la poli\u021bie, \u0219i un an de c\u00e2nd am dat-o \u00een judecat\u0103 pentru refuzul de a ni le da, Poli\u021bia Rom\u00e2n\u0103 se vede \u00eenc\u0103 o dat\u0103 obligat\u0103 de justi\u021bie s\u0103 respecte legea; Dar oare o ...<\/p><\/li><li><p><a href=\"https:\/\/apador.org\/en\/independenta-solidara-noul-termen-care-promite-nimic-si-livreaza-confuzie\/\">Independen\u021b\u0103 solidar\u0103 &#8211; noul termen care promite nimic \u0219i livreaz\u0103 confuzie<\/a><\/p><p class=\"lcp_date\">   November 18th, 2025<\/p><a href=\"https:\/\/apador.org\/en\/independenta-solidara-noul-termen-care-promite-nimic-si-livreaza-confuzie\/\" title=\"Independen\u021b\u0103 solidar\u0103 - noul termen care promite nimic \u0219i livreaz\u0103 confuzie\"><img loading=\"lazy\" decoding=\"async\" width=\"100\" height=\"100\" src=\"https:\/\/apador.org\/wp-content\/uploads\/2025\/11\/pisica-soarece.jpg\" class=\"lcp_thumbnail wp-post-image\" alt=\"Independen\u021b\u0103 solidar\u0103 - noul termen care promite nimic \u0219i livreaz\u0103 confuzie\" srcset=\"https:\/\/apador.org\/wp-content\/uploads\/2025\/11\/pisica-soarece.jpg 510w, https:\/\/apador.org\/wp-content\/uploads\/2025\/11\/pisica-soarece-300x300.jpg 300w, https:\/\/apador.org\/wp-content\/uploads\/2025\/11\/pisica-soarece-80x80.jpg 80w, https:\/\/apador.org\/wp-content\/uploads\/2025\/11\/pisica-soarece-36x36.jpg 36w, https:\/\/apador.org\/wp-content\/uploads\/2025\/11\/pisica-soarece-180x180.jpg 180w, https:\/\/apador.org\/wp-content\/uploads\/2025\/11\/pisica-soarece-120x120.jpg 120w\" sizes=\"auto, (max-width: 100px) 100vw, 100px\" \/><\/a><p class=\"lcp_excerpt\">Cum un concept nedefinit, care nu e nici logic, nici constitutional, \u00a0reu\u0219e\u0219te s\u0103 \u00eencurce mai mult dec\u00e2t s\u0103 clarifice Strategia Na\u021bional\u0103 de Ap\u0103rare &#8211; punctul de vedere al APADOR-CH\n<\/p><\/li><li><p><a href=\"https:\/\/apador.org\/en\/legea-majoratului-digital-un-nou-big-brother-si-multa-ipocrizie\/\">Legea majoratului digital \u2013 un nou Big Brother \u0219i mult\u0103 ipocrizie<\/a><\/p><p class=\"lcp_date\">   October 16th, 2025<\/p><a href=\"https:\/\/apador.org\/en\/legea-majoratului-digital-un-nou-big-brother-si-multa-ipocrizie\/\" title=\"Legea majoratului digital \u2013 un nou Big Brother \u0219i mult\u0103 ipocrizie\"><img loading=\"lazy\" decoding=\"async\" width=\"100\" height=\"67\" src=\"https:\/\/apador.org\/wp-content\/uploads\/2025\/10\/libertatea.jpg\" class=\"lcp_thumbnail wp-post-image\" alt=\"Legea majoratului digital \u2013 un nou Big Brother \u0219i mult\u0103 ipocrizie\" srcset=\"https:\/\/apador.org\/wp-content\/uploads\/2025\/10\/libertatea.jpg 1000w, https:\/\/apador.org\/wp-content\/uploads\/2025\/10\/libertatea-300x200.jpg 300w, https:\/\/apador.org\/wp-content\/uploads\/2025\/10\/libertatea-768x512.jpg 768w, https:\/\/apador.org\/wp-content\/uploads\/2025\/10\/libertatea-705x470.jpg 705w\" sizes=\"auto, (max-width: 100px) 100vw, 100px\" \/><\/a><p class=\"lcp_excerpt\">De la cartel\u0103 telefonic\u0103 doar cu buletinul, la cont online doar cu buletinul; Sub pretextul protej\u0103rii minorilor, statul impune o supraveghere generalizat\u0103 pe Internet\n<\/p><\/li><li><p><a href=\"https:\/\/apador.org\/en\/cine-si-pentru-ce-vrea-sa-ne-trimita-la-razboi-in-afara-tarii\/\">Cine \u0219i pentru ce vrea s\u0103 ne trimit\u0103 la r\u0103zboi \u00een afara \u021b\u0103rii?<\/a><\/p><p class=\"lcp_date\">   October 10th, 2025<\/p><a href=\"https:\/\/apador.org\/en\/cine-si-pentru-ce-vrea-sa-ne-trimita-la-razboi-in-afara-tarii\/\" title=\"Cine \u0219i pentru ce vrea s\u0103 ne trimit\u0103 la r\u0103zboi \u00een afara \u021b\u0103rii?\"><img loading=\"lazy\" decoding=\"async\" width=\"100\" height=\"53\" src=\"https:\/\/apador.org\/wp-content\/uploads\/2025\/10\/Amenintari-Hibride.jpg\" class=\"lcp_thumbnail wp-post-image\" alt=\"Cine \u0219i pentru ce vrea s\u0103 ne trimit\u0103 la r\u0103zboi \u00een afara \u021b\u0103rii?\" srcset=\"https:\/\/apador.org\/wp-content\/uploads\/2025\/10\/Amenintari-Hibride.jpg 1000w, https:\/\/apador.org\/wp-content\/uploads\/2025\/10\/Amenintari-Hibride-300x158.jpg 300w, https:\/\/apador.org\/wp-content\/uploads\/2025\/10\/Amenintari-Hibride-768x404.jpg 768w, https:\/\/apador.org\/wp-content\/uploads\/2025\/10\/Amenintari-Hibride-710x375.jpg 710w, https:\/\/apador.org\/wp-content\/uploads\/2025\/10\/Amenintari-Hibride-705x371.jpg 705w\" sizes=\"auto, (max-width: 100px) 100vw, 100px\" \/><\/a><p class=\"lcp_excerpt\">Proiectul noii Legi a Ap\u0103r\u0103rii Na\u021bionale are formul\u0103ri vagi care pot justifica abuzuri \u00een \u021bar\u0103 \u0219i ac\u021biuni militare arbitrare \u00een afara \u021b\u0103rii\n<\/p><\/li><\/ul><ul class='lcp_paginator'><li class='lcp_currentpage'>1<\/li><li><a href='https:\/\/apador.org\/en\/wp-json\/wp\/v2\/pages\/233?lcp_page1=2#lcp_instance_1' title='2'>2<\/a><\/li><li><a href='https:\/\/apador.org\/en\/wp-json\/wp\/v2\/pages\/233?lcp_page1=3#lcp_instance_1' title='3'>3<\/a><\/li><li><a href='https:\/\/apador.org\/en\/wp-json\/wp\/v2\/pages\/233?lcp_page1=4#lcp_instance_1' title='4'>4<\/a><\/li><li><a href='https:\/\/apador.org\/en\/wp-json\/wp\/v2\/pages\/233?lcp_page1=5#lcp_instance_1' title='5'>5<\/a><\/li><li><a href='https:\/\/apador.org\/en\/wp-json\/wp\/v2\/pages\/233?lcp_page1=6#lcp_instance_1' title='6'>6<\/a><\/li><span class='lcp_elipsis'>...<\/span><li><a href='https:\/\/apador.org\/en\/wp-json\/wp\/v2\/pages\/233?lcp_page1=85#lcp_instance_1' title='85'>85<\/a><\/li><li><a href='https:\/\/apador.org\/en\/wp-json\/wp\/v2\/pages\/233?lcp_page1=2#lcp_instance_1' title='2' class='lcp_nextlink'>&gt;&gt;<\/a><\/li><\/ul>","protected":false},"excerpt":{"rendered":"<p>Sorry, this entry is only available in Rom\u00e2n\u0103. For the sake of viewer convenience, the content is shown below in the alternative language. You may click the link to switch the active language.<\/p>\n","protected":false},"author":2,"featured_media":0,"parent":0,"menu_order":0,"comment_status":"closed","ping_status":"open","template":"","meta":{"footnotes":""},"class_list":["post-233","page","type-page","status-publish","hentry"],"_links":{"self":[{"href":"https:\/\/apador.org\/en\/wp-json\/wp\/v2\/pages\/233","targetHints":{"allow":["GET"]}}],"collection":[{"href":"https:\/\/apador.org\/en\/wp-json\/wp\/v2\/pages"}],"about":[{"href":"https:\/\/apador.org\/en\/wp-json\/wp\/v2\/types\/page"}],"author":[{"embeddable":true,"href":"https:\/\/apador.org\/en\/wp-json\/wp\/v2\/users\/2"}],"replies":[{"embeddable":true,"href":"https:\/\/apador.org\/en\/wp-json\/wp\/v2\/comments?post=233"}],"version-history":[{"count":0,"href":"https:\/\/apador.org\/en\/wp-json\/wp\/v2\/pages\/233\/revisions"}],"wp:attachment":[{"href":"https:\/\/apador.org\/en\/wp-json\/wp\/v2\/media?parent=233"}],"curies":[{"name":"wp","href":"https:\/\/api.w.org\/{rel}","templated":true}]}}