{"id":295,"date":"2013-10-17T12:38:48","date_gmt":"2013-10-17T12:38:48","guid":{"rendered":"http:\/\/www.apador.org\/seamus\/?page_id=295"},"modified":"2020-08-06T19:45:48","modified_gmt":"2020-08-06T17:45:48","slug":"video","status":"publish","type":"page","link":"https:\/\/apador.org\/en\/video\/","title":{"rendered":"Video"},"content":{"rendered":"<ul class=\"lcp_catlist\" id=\"lcp_instance_0\"><li><p><a href=\"https:\/\/apador.org\/en\/dreptul-de-a-nu-fi-dezinformat\/\">Dreptul de a NU fi dezinformat<\/a><\/p><p class=\"lcp_date\">  09\/12\/2025<\/p><a href=\"https:\/\/apador.org\/en\/dreptul-de-a-nu-fi-dezinformat\/\" title=\"Dreptul de a NU fi dezinformat\"><img loading=\"lazy\" decoding=\"async\" width=\"100\" height=\"60\" src=\"https:\/\/apador.org\/wp-content\/uploads\/2025\/12\/sondaj-dezinformare2.jpg\" class=\"lcp_thumbnail wp-post-image\" alt=\"Dreptul de a NU fi dezinformat\" srcset=\"https:\/\/apador.org\/wp-content\/uploads\/2025\/12\/sondaj-dezinformare2.jpg 600w, https:\/\/apador.org\/wp-content\/uploads\/2025\/12\/sondaj-dezinformare2-300x181.jpg 300w\" sizes=\"auto, (max-width: 100px) 100vw, 100px\" \/><\/a><div class=\"lcp_excerpt\">De 10 decembrie, cu ocazia Zilei Interna\u021bionale a Drepturilor Omului, am \u00eentrebat oamenii pe strad\u0103 cum percep ei dezinformarea, cine ne dezinformeaz\u0103 mai mult \u0219i cum se ap\u0103r\u0103 de acest ...<\/div><\/li><li><p><a href=\"https:\/\/apador.org\/en\/florin-kovacs-avocatul-care-ii-ajuta-pe-avertizorii-de-integritate-sa-nu-fluiere-a-paguba\/\">Florin Kovacs, avocatul care \u00eei ajut\u0103 pe avertizorii de integritate s\u0103 nu fluiere a pagub\u0103<\/a><\/p><p class=\"lcp_date\">  14\/06\/2021<\/p><a href=\"https:\/\/apador.org\/en\/florin-kovacs-avocatul-care-ii-ajuta-pe-avertizorii-de-integritate-sa-nu-fluiere-a-paguba\/\" title=\"Florin Kovacs, avocatul care \u00eei ajut\u0103 pe avertizorii de integritate s\u0103 nu fluiere a pagub\u0103\"><img loading=\"lazy\" decoding=\"async\" width=\"100\" height=\"58\" src=\"https:\/\/apador.org\/wp-content\/uploads\/2021\/06\/florin-kovacs2.jpg\" class=\"lcp_thumbnail wp-post-image\" alt=\"Florin Kovacs, avocatul care \u00eei ajut\u0103 pe avertizorii de integritate s\u0103 nu fluiere a pagub\u0103\" srcset=\"https:\/\/apador.org\/wp-content\/uploads\/2021\/06\/florin-kovacs2.jpg 794w, https:\/\/apador.org\/wp-content\/uploads\/2021\/06\/florin-kovacs2-300x174.jpg 300w, https:\/\/apador.org\/wp-content\/uploads\/2021\/06\/florin-kovacs2-768x445.jpg 768w, https:\/\/apador.org\/wp-content\/uploads\/2021\/06\/florin-kovacs2-705x408.jpg 705w\" sizes=\"auto, (max-width: 100px) 100vw, 100px\" \/><\/a><div class=\"lcp_excerpt\">Niciun onorariu din lume nu-\u021bi poate oferi lini\u0219tea dup\u0103 un demers de ap\u0103rare a unui avertizor, care atrage r\u0103zbun\u0103ri din partea sistemului. Trebuie s\u0103 ai stomac ca s\u0103 rezi\u0219ti la ...<\/div><\/li><li><p><a href=\"https:\/\/apador.org\/en\/camelia-roiu-versus-sistemul\/\">Camelia Roiu versus SISTEMUL<\/a><\/p><p class=\"lcp_date\">  02\/06\/2021<\/p><a href=\"https:\/\/apador.org\/en\/camelia-roiu-versus-sistemul\/\" title=\"Camelia Roiu versus SISTEMUL\"><img loading=\"lazy\" decoding=\"async\" width=\"100\" height=\"60\" src=\"https:\/\/apador.org\/wp-content\/uploads\/2021\/06\/Camelia-Roiu.jpg\" class=\"lcp_thumbnail wp-post-image\" alt=\"Camelia Roiu versus SISTEMUL\" srcset=\"https:\/\/apador.org\/wp-content\/uploads\/2021\/06\/Camelia-Roiu.jpg 800w, https:\/\/apador.org\/wp-content\/uploads\/2021\/06\/Camelia-Roiu-300x180.jpg 300w, https:\/\/apador.org\/wp-content\/uploads\/2021\/06\/Camelia-Roiu-768x461.jpg 768w, https:\/\/apador.org\/wp-content\/uploads\/2021\/06\/Camelia-Roiu-705x423.jpg 705w\" sizes=\"auto, (max-width: 100px) 100vw, 100px\" \/><\/a><div class=\"lcp_excerpt\">Povestea unui medic care a vrut doar s\u0103-\u0219i fac\u0103 meseria\n<\/div><\/li><li><p><a href=\"https:\/\/apador.org\/en\/politist-avertizor-pataniile-unui-agent-care-a-fluierat-in-politie\/\">Poli\u021bist avertizor &#8211; p\u0103\u021baniile unui agent care \u201ea fluierat\u201d \u00een poli\u021bie<\/a><\/p><p class=\"lcp_date\">  19\/05\/2021<\/p><a href=\"https:\/\/apador.org\/en\/politist-avertizor-pataniile-unui-agent-care-a-fluierat-in-politie\/\" title=\"Poli\u021bist avertizor - p\u0103\u021baniile unui agent care \u201ea fluierat\u201d \u00een poli\u021bie\"><img loading=\"lazy\" decoding=\"async\" width=\"100\" height=\"75\" src=\"https:\/\/apador.org\/wp-content\/uploads\/2021\/05\/Valer-Kovacs.jpg\" class=\"lcp_thumbnail wp-post-image\" alt=\"Poli\u021bist avertizor - p\u0103\u021baniile unui agent care \u201ea fluierat\u201d \u00een poli\u021bie\" srcset=\"https:\/\/apador.org\/wp-content\/uploads\/2021\/05\/Valer-Kovacs.jpg 960w, https:\/\/apador.org\/wp-content\/uploads\/2021\/05\/Valer-Kovacs-300x225.jpg 300w, https:\/\/apador.org\/wp-content\/uploads\/2021\/05\/Valer-Kovacs-768x576.jpg 768w, https:\/\/apador.org\/wp-content\/uploads\/2021\/05\/Valer-Kovacs-705x529.jpg 705w\" sizes=\"auto, (max-width: 100px) 100vw, 100px\" \/><\/a><div class=\"lcp_excerpt\">Povestea lui Valer Kovacs, prin ce a trecut ca avertizor de integritate \u00een Poli\u021bia Rom\u00e2n\u0103, care este re\u021beta prin care sistemul \u00ee\u0219i atac\u0103 \u0219i elimin\u0103 avertizorii, cum a fost tratat ...<\/div><\/li><li><p><a href=\"https:\/\/apador.org\/en\/digitalizarea-justitiei-si-raspunderea-magistratilor\/\">Digitalizarea justi\u021biei \u0219i r\u0103spunderea magistra\u021bilor<\/a><\/p><p class=\"lcp_date\">  29\/10\/2020<\/p><div class=\"lcp_excerpt\">Probleme identificate \u0219i solu\u021bii propuse de APADOR-CH \u0219i Ministerul Justi\u021biei \u00eentr-o dezbatre privind primul raport al Comisiei Europene despre statul de drept.\n<\/div><\/li><li><p><a href=\"https:\/\/apador.org\/en\/cele-mai-frecvente-erori-facute-in-fata-cedo\/\">Cele mai frecvente erori f\u0103cute \u00een fa\u021ba CEDO<\/a><\/p><p class=\"lcp_date\">  11\/04\/2018<\/p><a href=\"https:\/\/apador.org\/en\/cele-mai-frecvente-erori-facute-in-fata-cedo\/\" title=\"Cele mai frecvente erori f\u0103cute \u00een fa\u021ba CEDO\"><img loading=\"lazy\" decoding=\"async\" width=\"100\" height=\"55\" src=\"https:\/\/apador.org\/wp-content\/uploads\/2015\/03\/cedo.jpg\" class=\"lcp_thumbnail wp-post-image\" alt=\"Cele mai frecvente erori f\u0103cute \u00een fa\u021ba CEDO\" srcset=\"https:\/\/apador.org\/wp-content\/uploads\/2015\/03\/cedo.jpg 650w, https:\/\/apador.org\/wp-content\/uploads\/2015\/03\/cedo-300x166.jpg 300w\" sizes=\"auto, (max-width: 100px) 100vw, 100px\" \/><\/a><div class=\"lcp_excerpt\">Cele mai frecvente erori \u00een completarea formularului de cerere pentru sesizarea Cur\u021bii europene a drepturilor omului (CEDO) &#8211; un video instructiv \u00een limba rom\u00e2n\u0103\n<\/div><\/li><li><p><a href=\"https:\/\/apador.org\/en\/dezbaterea-proiectelor-de-ordonanta-privind-gratierile-si-modificarile-aduse-codului-penal\/\">Dezbaterea proiectelor de ordonan\u021b\u0103 privind gra\u021bierile \u0219i modific\u0103rile aduse Codului penal<\/a><\/p><p class=\"lcp_date\">  30\/01\/2017<\/p><a href=\"https:\/\/apador.org\/en\/dezbaterea-proiectelor-de-ordonanta-privind-gratierile-si-modificarile-aduse-codului-penal\/\" title=\"Dezbaterea proiectelor de ordonan\u021b\u0103 privind gra\u021bierile \u0219i modific\u0103rile aduse Codului penal\"><img loading=\"lazy\" decoding=\"async\" width=\"100\" height=\"56\" src=\"https:\/\/apador.org\/wp-content\/uploads\/2017\/01\/dezbatere2.jpg\" class=\"lcp_thumbnail wp-post-image\" alt=\"Dezbaterea proiectelor de ordonan\u021b\u0103 privind gra\u021bierile \u0219i modific\u0103rile aduse Codului penal\" srcset=\"https:\/\/apador.org\/wp-content\/uploads\/2017\/01\/dezbatere2.jpg 800w, https:\/\/apador.org\/wp-content\/uploads\/2017\/01\/dezbatere2-300x169.jpg 300w, https:\/\/apador.org\/wp-content\/uploads\/2017\/01\/dezbatere2-768x432.jpg 768w, https:\/\/apador.org\/wp-content\/uploads\/2017\/01\/dezbatere2-705x397.jpg 705w\" sizes=\"auto, (max-width: 100px) 100vw, 100px\" \/><\/a><div class=\"lcp_excerpt\">Ministrul a dat impresia c\u0103 a ascultat toate p\u0103rerile, dar a refuzat s\u0103 spun\u0103, chiar \u0219i la finalul dezbaterii, dac\u0103 va \u021bine cont de ele sau \u00een ce fel va ...<\/div><\/li><li><p><a href=\"https:\/\/apador.org\/en\/raport-privind-exproprierile-abuzive-din-satul-runcurel\/\">Raport privind exproprierile abuzive din satul Runcurel<\/a><\/p><p class=\"lcp_date\">  07\/06\/2016<\/p><a href=\"https:\/\/apador.org\/en\/raport-privind-exproprierile-abuzive-din-satul-runcurel\/\" title=\"Raport privind exproprierile abuzive din satul Runcurel\"><img loading=\"lazy\" decoding=\"async\" width=\"100\" height=\"55\" src=\"https:\/\/apador.org\/wp-content\/uploads\/2016\/06\/cover.jpg\" class=\"lcp_thumbnail wp-post-image\" alt=\"Raport privind exproprierile abuzive din satul Runcurel\" srcset=\"https:\/\/apador.org\/wp-content\/uploads\/2016\/06\/cover.jpg 650w, https:\/\/apador.org\/wp-content\/uploads\/2016\/06\/cover-300x166.jpg 300w\" sizes=\"auto, (max-width: 100px) 100vw, 100px\" \/><\/a><div class=\"lcp_excerpt\">S\u0103tenii din Runcurel, Gorj, \u00ee\u0219i v\u0103d gospod\u0103riile \u00eenghi\u021bite de minele de lignit din jur, dar guvernul se face c\u0103 nu \u0219tie de existen\u021ba caselor lor, \u0219i-i desp\u0103gube\u0219te numai pentru terenurile ...<\/div><\/li><li><p><a href=\"https:\/\/apador.org\/en\/daniela-tarau-a-facut-puscarie-nevinovata\/\">Daniela Tar\u0103u a f\u0103cut pu\u0219c\u0103rie nevinovat\u0103<\/a><\/p><p class=\"lcp_date\">  13\/07\/2015<\/p><a href=\"https:\/\/apador.org\/en\/daniela-tarau-a-facut-puscarie-nevinovata\/\" title=\"Daniela Tar\u0103u a f\u0103cut pu\u0219c\u0103rie nevinovat\u0103\"><img loading=\"lazy\" decoding=\"async\" width=\"100\" height=\"79\" src=\"https:\/\/apador.org\/wp-content\/uploads\/2015\/07\/tarau-iorga2.jpg\" class=\"lcp_thumbnail wp-post-image\" alt=\"Daniela Tar\u0103u a f\u0103cut pu\u0219c\u0103rie nevinovat\u0103\" srcset=\"https:\/\/apador.org\/wp-content\/uploads\/2015\/07\/tarau-iorga2.jpg 800w, https:\/\/apador.org\/wp-content\/uploads\/2015\/07\/tarau-iorga2-300x237.jpg 300w, https:\/\/apador.org\/wp-content\/uploads\/2015\/07\/tarau-iorga2-768x606.jpg 768w, https:\/\/apador.org\/wp-content\/uploads\/2015\/07\/tarau-iorga2-705x556.jpg 705w\" sizes=\"auto, (max-width: 100px) 100vw, 100px\" \/><\/a><div class=\"lcp_excerpt\">Daniela Tar\u0103u a f\u0103cut pu\u0219c\u0103rie, nevinovat\u0103, ca urmare a unui lan\u021b de erori judiciare deschis \u00een 2000 de o anchet\u0103 a procurorului Cristian Panait. Dup\u0103 15 ani de procese, la ...<\/div><\/li><li><p><a href=\"https:\/\/apador.org\/en\/raport-apador-ch-privind-abuzuri-ale-politiei-din-racos-judetul-brasov-asupra-cetatenilor-de-etnie-roma\/\">APADOR-CH Report on Police Abuse against Roma Citizens in Raco\u0219, Bra\u0219ov County<\/a><\/p><p class=\"lcp_date\">  25\/05\/2015<\/p><a href=\"https:\/\/apador.org\/en\/raport-apador-ch-privind-abuzuri-ale-politiei-din-racos-judetul-brasov-asupra-cetatenilor-de-etnie-roma\/\" title=\"APADOR-CH Report on Police Abuse against Roma Citizens in Raco\u0219, Bra\u0219ov County\"><img loading=\"lazy\" decoding=\"async\" width=\"100\" height=\"56\" src=\"https:\/\/apador.org\/wp-content\/uploads\/2015\/05\/aurica-borzos.jpg\" class=\"lcp_thumbnail wp-post-image\" alt=\"APADOR-CH Report on Police Abuse against Roma Citizens in Raco\u0219, Bra\u0219ov County\" srcset=\"https:\/\/apador.org\/wp-content\/uploads\/2015\/05\/aurica-borzos.jpg 800w, https:\/\/apador.org\/wp-content\/uploads\/2015\/05\/aurica-borzos-300x169.jpg 300w, https:\/\/apador.org\/wp-content\/uploads\/2015\/05\/aurica-borzos-768x432.jpg 768w, https:\/\/apador.org\/wp-content\/uploads\/2015\/05\/aurica-borzos-705x397.jpg 705w\" sizes=\"auto, (max-width: 100px) 100vw, 100px\" \/><\/a><div class=\"lcp_excerpt\">According to the Roma, the police had beaten over 40 people only in this community. The abuse allegedly started 3-4 years before, when the squad led by chief Dan Ciucu ...<\/div><\/li><\/ul>","protected":false},"excerpt":{"rendered":"<p>Sorry, this entry is only available in Rom\u00e2n\u0103. For the sake of viewer convenience, the content is shown below in the alternative language. You may click the link to switch the active language.<\/p>\n","protected":false},"author":2,"featured_media":0,"parent":0,"menu_order":0,"comment_status":"closed","ping_status":"open","template":"","meta":{"footnotes":""},"class_list":["post-295","page","type-page","status-publish","hentry"],"_links":{"self":[{"href":"https:\/\/apador.org\/en\/wp-json\/wp\/v2\/pages\/295","targetHints":{"allow":["GET"]}}],"collection":[{"href":"https:\/\/apador.org\/en\/wp-json\/wp\/v2\/pages"}],"about":[{"href":"https:\/\/apador.org\/en\/wp-json\/wp\/v2\/types\/page"}],"author":[{"embeddable":true,"href":"https:\/\/apador.org\/en\/wp-json\/wp\/v2\/users\/2"}],"replies":[{"embeddable":true,"href":"https:\/\/apador.org\/en\/wp-json\/wp\/v2\/comments?post=295"}],"version-history":[{"count":0,"href":"https:\/\/apador.org\/en\/wp-json\/wp\/v2\/pages\/295\/revisions"}],"wp:attachment":[{"href":"https:\/\/apador.org\/en\/wp-json\/wp\/v2\/media?parent=295"}],"curies":[{"name":"wp","href":"https:\/\/api.w.org\/{rel}","templated":true}]}}