{"id":3603,"date":"2014-10-14T10:04:14","date_gmt":"2014-10-14T10:04:14","guid":{"rendered":"http:\/\/www.apador.org\/?page_id=3603"},"modified":"2022-09-05T19:17:00","modified_gmt":"2022-09-05T17:17:00","slug":"afilieri-internationale","status":"publish","type":"page","link":"https:\/\/apador.org\/en\/afilieri-internationale\/","title":{"rendered":"Afilieri interna\u021bionale"},"content":{"rendered":"<p class=\"qtranxs-available-languages-message qtranxs-available-languages-message-en\">Sorry, this entry is only available in <a href=\"https:\/\/apador.org\/ro\/wp-json\/wp\/v2\/pages\/3603\" class=\"qtranxs-available-language-link qtranxs-available-language-link-ro\" title=\"Rom\u00e2n\u0103\">Rom\u00e2n\u0103<\/a>. For the sake of viewer convenience, the content is shown below in the alternative language. You may click the link to switch the active language.<\/p><p style=\"text-align: left;\" align=\"center\"><b>Organiza\u021bii interna\u021bionale \u0219i platforme de drepturi civile la care APADOR-CH este afiliat\u0103:<a href=\"http:\/\/www.apador.org\/wp-content\/uploads\/2014\/10\/civic-platform.jpg\"><img loading=\"lazy\" decoding=\"async\" class=\"alignleft size-thumbnail wp-image-3604\" src=\"http:\/\/www.apador.org\/wp-content\/uploads\/2014\/10\/civic-platform-150x150.jpg\" alt=\"civic platform\" width=\"150\" height=\"150\" \/><\/a><\/b><\/p>\n<h4><a href=\"http:\/\/www.civicsolidarity.org\/\" target=\"_blank\" rel=\"noopener noreferrer\">Civic Solidarity Platform\u00a0<\/a><\/h4>\n<p>Civic Solidarity Platform este o coali\u021bie de organiza\u021bii nonguvernamentale provenite \u00een special din Europa Central\u0103 \u0219i de Est \u0219i din Fosta Uniune Sovietic\u0103.\u00a0 Aceste organiza\u021bii militeaz\u0103 pentru ap\u0103rarea \u0219i promovarea drepturilor omului \u00een Europa \u0219i Eurasia. \u00cen cadrul coali\u021biei aceste organiza\u021bii coopereaz\u0103 pe proiecte de cercetare, schimburi de experien\u021b\u0103 \u0219i adopt\u0103 pozi\u021bii comune cu privire la subiecte de interes.<\/p>\n<h4><a href=\"http:\/\/www.apador.org\/wp-content\/uploads\/2014\/10\/fra.jpg\"><img loading=\"lazy\" decoding=\"async\" class=\"alignright size-thumbnail wp-image-3607\" src=\"http:\/\/www.apador.org\/wp-content\/uploads\/2014\/10\/fra-150x92.jpg\" alt=\"fra\" width=\"150\" height=\"92\" \/><\/a><a href=\"http:\/\/fra.europa.eu\/en\" target=\"_blank\" rel=\"noopener noreferrer\"><strong>Fundamental Rights Agency Civil Society Platform<\/strong><\/a><\/h4>\n<p>Este o platform\u0103 a Uniunii Europene pentru societatea civil\u0103. \u00cen cadrul aceste platforme activeaz\u0103 peste 300 de organiza\u021bii non-guvernamentale din Uniunea European\u0103. Membrii platformei sunt consulta\u021bi cu privire la chestiuni legate de drepturile omului, pot participa la \u00eent\u00e2lniri cu reprezentan\u021bii FRA, \u0219i sunt consulta\u021bi cu privire la programul si raportul anual FRA<\/p>\n<h4><strong><a href=\"http:\/\/www.apador.org\/wp-content\/uploads\/2014\/10\/justicia.jpg\"><img loading=\"lazy\" decoding=\"async\" class=\"alignleft size-thumbnail wp-image-3609\" src=\"http:\/\/www.apador.org\/wp-content\/uploads\/2014\/10\/justicia-150x60.jpg\" alt=\"justicia\" width=\"150\" height=\"60\" \/><\/a><a href=\"http:\/\/www.eujusticia.net\/\" target=\"_blank\" rel=\"noopener noreferrer\">JUSTICIA European Rights Network<\/a><\/strong><\/h4>\n<p>Justicia este o coali\u021bie format\u0103 din 17 organiza\u021bii non-guvernamentale din Uniunea European\u0103 care colaboreaz\u0103 \u00een proiecte de cercetare, advocacy \u0219i schimburi de experien\u021b\u0103. Membrii coali\u021biei colaboreaz\u0103 cu prec\u0103dere \u00een promovarea dreptului la un proces echitabil \u0219i promovarea drepturilor persoanelor care au calitatea de parte sau subiect procesual principal \u00een cadrul unui proces penal.<\/p>\n<h4><strong><a href=\"http:\/\/www.apador.org\/wp-content\/uploads\/2014\/10\/elp.png\"><img loading=\"lazy\" decoding=\"async\" class=\"alignright size-full wp-image-3610\" src=\"http:\/\/www.apador.org\/wp-content\/uploads\/2014\/10\/elp.png\" alt=\"elp\" width=\"115\" height=\"74\" \/><\/a><a href=\"http:\/\/www.liberties.eu\/en\" target=\"_blank\" rel=\"noopener noreferrer\">European Liberties Platform<\/a><\/strong><\/h4>\n<p>Platforma European\u0103 pentru Libert\u0103\u0163i (European Liberties Platform-ELP) este o re\u021bea informal\u0103 de organiza\u021bii non- guvernamentale care monitorizeaz\u0103 respectarea libert\u0103\u021bilor civile \u00een Europa. Scopul principal al Platformei este sprijinirea activit\u0103\u021bilor de advocacy \u0219i a eforturilor de mobilizare \u00eentreprinse de organiza\u021biile partenere. Platforma \u00ee\u0219i propune de asemenea s\u0103 sporeasc\u0103 reprezentarea intereselor drepturilor omului la nivel na\u021bional \u0219i la nivelul Uniunii Europene (UE).<\/p>\n<h4><strong><a href=\"http:\/\/www.apador.org\/wp-content\/uploads\/2014\/10\/fair-tryals.jpg\"><img loading=\"lazy\" decoding=\"async\" class=\"alignleft size-thumbnail wp-image-3611\" src=\"http:\/\/www.apador.org\/wp-content\/uploads\/2014\/10\/fair-tryals-150x150.jpg\" alt=\"fair tryals\" width=\"150\" height=\"150\" \/><\/a><a href=\"http:\/\/www.foiadvocates.net\/\" target=\"_blank\" rel=\"noopener noreferrer\">Legal Experts Advisory Panel<\/a><\/strong><\/h4>\n<p>Legal Experts Advisory Panel, este o coali\u021biei de peste 120 de exper\u021bi, avoca\u021bi, academicieni \u0219i membri ai societ\u0103\u021bii civile cu expertiz\u0103 \u00een drept penal \u0219i drepturile omului din toate cele 28 de state membre ale UE. APADOR-CH face parte at\u00e2t din coali\u021bie c\u00e2t \u0219i din\u00a0 Biroul Consultativ al coali\u021biei.<\/p>\n<h4><strong><a href=\"http:\/\/www.apador.org\/wp-content\/uploads\/2014\/10\/foia.jpg\"><img loading=\"lazy\" decoding=\"async\" class=\"alignright size-thumbnail wp-image-3612\" src=\"http:\/\/www.apador.org\/wp-content\/uploads\/2014\/10\/foia-150x150.jpg\" alt=\"foia\" width=\"150\" height=\"150\" \/><\/a><a href=\"http:\/\/www.foiadvocates.net\/\" target=\"_blank\" rel=\"noopener noreferrer\">FoiaNet\u00a0<\/a><\/strong><\/h4>\n<p>Freedom of Information Advocates Network (FOIAnet) este o re\u021bea interna\u021bional\u0103 de organiza\u021bii nonguvernamentale \u0219i persoane interesate de libertatea de informare. Membrii acestei re\u021bele \u00eemp\u0103rt\u0103\u0219esc informa\u021bii relevante, particip\u0103 la dezbateri comune \u0219i \u00eentreprind ac\u021biuni comune pentru ap\u0103rarea liberului acces la informa\u021bii de interes public.<\/p>\n<h4><a href=\"http:\/\/www.antidiscriminare.ro\/home\/\" target=\"_blank\" rel=\"noopener noreferrer\"><strong>Coali\u021bia Antidicriminare<\/strong><\/a><\/h4>\n<p>Coali\u021bia anti discriminare este o coali\u021bie de organiza\u021bii nonguvernamentale din Rom\u00e2nia care lucreaz\u0103 \u00eempreun\u0103 pentru combaterea discrimin\u0103rii. Acestea colaboreaz\u0103 pe proiecte de monitorizare, advocacy legislativ \u0219i acord\u0103 asisten\u021b\u0103 victimelor discrimin\u0103rii.<\/p>\n<h4><strong><a href=\"http:\/\/european-implementation.net\/\" target=\"_blank\" rel=\"noopener noreferrer\">European Implementation Network<\/a><\/strong><\/h4>\n<p><a href=\"http:\/\/www.apador.org\/wp-content\/uploads\/2014\/10\/sigla-european-implementation-network.jpg\"><img loading=\"lazy\" decoding=\"async\" class=\"alignleft size-full wp-image-5296\" src=\"http:\/\/www.apador.org\/wp-content\/uploads\/2014\/10\/sigla-european-implementation-network.jpg\" alt=\"sigla european implementation network\" width=\"119\" height=\"118\" srcset=\"https:\/\/apador.org\/wp-content\/uploads\/2014\/10\/sigla-european-implementation-network.jpg 119w, https:\/\/apador.org\/wp-content\/uploads\/2014\/10\/sigla-european-implementation-network-80x80.jpg 80w, https:\/\/apador.org\/wp-content\/uploads\/2014\/10\/sigla-european-implementation-network-36x36.jpg 36w\" sizes=\"auto, (max-width: 119px) 100vw, 119px\" \/><\/a><\/p>\n<p>\u00centr-un eveniment organizat la 2 decembrie 2016, de Curtea European\u0103 a Drepturilor Omului, pentru reprezentan\u021bi ai societ\u0103\u021bii civile \u0219i avoca\u021bi, s-a lansat oficial la Strasbourg o nou\u0103 organiza\u021bie neguvernamental\u0103:\u00a0<a href=\"http:\/\/european-implementation.net\/\" target=\"_blank\" rel=\"noopener noreferrer\">European Implementation Network<\/a>.<\/p>\n<p>Constituirea EIN vine \u00een urma constat\u0103rii \u00eengrijor\u0103toare, la nivel european, c\u0103 \u00een general statele care sunt condamnate de CEDO pentru \u00eenc\u0103lcarea drepturilor omului nu \u00ee\u0219i \u00eendeplinesc obliga\u021biile atunci c\u00e2nd vine vorba de implementarea hot\u0103r\u00e2rilor Cur\u021bii. Atunci c\u00e2nd o fac, acestea au o abordare minimalist\u0103.\u00a0<a href=\"https:\/\/apador.org\/\/2016\/04\/26\/despre-implementarea-hotararilor-cedo-ce-putem-invata-comparand-romania-cu-norvegia\/\" target=\"_blank\" rel=\"noopener noreferrer\">Citi\u021bi aici<\/a>\u00a0modul \u00een care Rom\u00e2nia implementeaz\u0103 hot\u0103r\u00e2rile CEDO, comparativ cu Norvegia, de exemplu.<\/p>\n<p>EIN se constituie \u00eentr-un hub \u0219i o resurs\u0103 pentru o re\u021bea de ONG-uri\u00a0europene care doresc s\u0103 se implice \u00een mod constructiv \u00een rela\u021bia cu\u00a0Consiliul Europei \u00een vederea unei mai bune implement\u0103ri a hot\u0103r\u00e2rilor\u00a0CEDO, concomitent cu activit\u0103\u021bi constante de advocacy pentru executarea\u00a0hot\u0103r\u00e2rilor Cur\u021bii la nivel na\u021bional.<\/p>\n<p>APADOR-CH a contribuit la redactarea\u00a0<a href=\"http:\/\/static1.squarespace.com\/static\/55815c4fe4b077ee5306577f\/t\/5787ce5e15d5db91c6987f00\/1468518005639\/EIN+strategy+2016-2020.pdf\" target=\"_blank\" rel=\"noopener noreferrer\">strategiei EIN<\/a>\u00a0pentru 2016-2020, \u0219i a scris recent\u00a0<a href=\"http:\/\/european-implementation.net\/ein-voices\/2016\/12\/19\/the-implementation-of-ecthr-judgments-concerning-detention-conditions-in-romania-a-political-issue\" target=\"_blank\" rel=\"noopener noreferrer\">un text despre stadiul implement\u0103rii hot\u0103r\u00e2rilor CEDO \u00een Rom\u00e2nia<\/a>\u00a0(referitoare la condi\u021biile de deten\u021bie) \u00een cel de-a doilea newsletter EIN.<\/p>\n<p>&nbsp;<\/p>\n<h4><a href=\"https:\/\/www.prisonlitigation.org\/\" target=\"_blank\" rel=\"noopener\">European Prison Litigation Network<\/a><\/h4>\n<p style=\"text-align: justify;\"><img loading=\"lazy\" decoding=\"async\" class=\"alignright size-medium wp-image-10293\" src=\"https:\/\/apador.org\/wp-content\/uploads\/2022\/09\/cropped-EPLN-logo-2021-1-e1624456252962-300x198.jpg\" alt=\"\" width=\"300\" height=\"198\" srcset=\"https:\/\/apador.org\/wp-content\/uploads\/2022\/09\/cropped-EPLN-logo-2021-1-e1624456252962-300x198.jpg 300w, https:\/\/apador.org\/wp-content\/uploads\/2022\/09\/cropped-EPLN-logo-2021-1-e1624456252962.jpg 700w\" sizes=\"auto, (max-width: 300px) 100vw, 300px\" \/>Re\u021beaua European\u0103 de Litigii Penitenciare (EPLN) este o re\u021bea de organiza\u021bii neguvernamentale, active \u00een ap\u0103rarea drepturilor de\u021binu\u021bilor. A fost \u00eenfiin\u021bat\u0103 \u00een 2013 de practicieni \u00een drept, ap\u0103r\u0103tori ai drepturilor de\u021binu\u021bilor \u0219i cercet\u0103tori activi \u00een domeniul penitenciarelor, cu scopul de a spori protec\u021bia drepturilor fundamentale ale de\u021binu\u021bilor \u00een Europa, de a reduce utilizarea \u00eencarcer\u0103rii \u0219i durata pedepselor.<\/p>\n<p>EPLN cuprinde 25 de ONG-uri \u0219i asocia\u021bii de avoca\u021bi na\u021bionale din 18 state membre ale Consiliului Europei (14 \u021b\u0103ri UE, 3 \u021b\u0103ri din Parteneriatul Europei de Est \u0219i Sud-Est \u0219i Marea Britanie)<\/p>\n<p style=\"text-align: justify;\">Organiza\u021bia produce \u0219i difuzeaz\u0103 analize privind dreptul penal \u0219i penitenciar european \u0219i na\u021bional, efectul legisla\u021biei asupra drepturilor \u00een deten\u021bie etc. \u00cen acela\u0219i timp, EPLN \u00ee\u0219i propune s\u0103 ac\u021bioneze ca un actor major al societ\u0103\u021bii civile la nivel european pentru a informa \u0219i influen\u021ba cursul evolu\u021biilor normative europene, at\u00e2t pentru promovarea garan\u021biilor privind drepturile \u00een deten\u021bie, c\u00e2t \u0219i pentru a pune sub semnul \u00eentreb\u0103rii politicile penale care sunt \u00een contradic\u021bie cu protec\u021bia drepturilor fundamentale ale omului. Organiza\u021bia contribuie la nivel european \u0219i na\u021bional la provocarea reformelor penitenciare \u0219i penale necesare pentru garantarea drepturilor fundamentale \u00een deten\u021bie.<\/p>","protected":false},"excerpt":{"rendered":"<p>Sorry, this entry is only available in Rom\u00e2n\u0103. For the sake of viewer convenience, the content is shown below in the alternative language. You may click the link to switch the active language.Organiza\u021bii interna\u021bionale \u0219i platforme de drepturi civile la care APADOR-CH este afiliat\u0103: Civic Solidarity Platform\u00a0 Civic Solidarity Platform este o coali\u021bie de organiza\u021bii [&hellip;]<\/p>\n","protected":false},"author":2,"featured_media":0,"parent":0,"menu_order":1,"comment_status":"closed","ping_status":"closed","template":"","meta":{"footnotes":""},"class_list":["post-3603","page","type-page","status-publish","hentry"],"_links":{"self":[{"href":"https:\/\/apador.org\/en\/wp-json\/wp\/v2\/pages\/3603","targetHints":{"allow":["GET"]}}],"collection":[{"href":"https:\/\/apador.org\/en\/wp-json\/wp\/v2\/pages"}],"about":[{"href":"https:\/\/apador.org\/en\/wp-json\/wp\/v2\/types\/page"}],"author":[{"embeddable":true,"href":"https:\/\/apador.org\/en\/wp-json\/wp\/v2\/users\/2"}],"replies":[{"embeddable":true,"href":"https:\/\/apador.org\/en\/wp-json\/wp\/v2\/comments?post=3603"}],"version-history":[{"count":4,"href":"https:\/\/apador.org\/en\/wp-json\/wp\/v2\/pages\/3603\/revisions"}],"predecessor-version":[{"id":10296,"href":"https:\/\/apador.org\/en\/wp-json\/wp\/v2\/pages\/3603\/revisions\/10296"}],"wp:attachment":[{"href":"https:\/\/apador.org\/en\/wp-json\/wp\/v2\/media?parent=3603"}],"curies":[{"name":"wp","href":"https:\/\/api.w.org\/{rel}","templated":true}]}}