{"id":364,"date":"2014-01-16T08:23:44","date_gmt":"2014-01-16T08:23:44","guid":{"rendered":"http:\/\/www.apador.org\/seamus\/?page_id=364"},"modified":"2020-08-12T14:16:14","modified_gmt":"2020-08-12T12:16:14","slug":"proiecte-in-derulare","status":"publish","type":"page","link":"https:\/\/apador.org\/en\/proiecte-in-derulare\/","title":{"rendered":"Ongoing projects"},"content":{"rendered":"<ul class=\"lcp_catlist\" id=\"lcp_instance_1\"><li><p><a href=\"https:\/\/apador.org\/en\/drepturi-in-lipsa\/\">Absent Rights<\/a><\/p><p class=\"lcp_date\">   February 18th, 2026<\/p><a href=\"https:\/\/apador.org\/en\/drepturi-in-lipsa\/\" title=\"Absent Rights\"><img loading=\"lazy\" decoding=\"async\" width=\"100\" height=\"56\" src=\"https:\/\/apador.org\/wp-content\/uploads\/2022\/09\/justitie.jpg\" class=\"lcp_thumbnail wp-post-image\" alt=\"Absent Rights\" srcset=\"https:\/\/apador.org\/wp-content\/uploads\/2022\/09\/justitie.jpg 600w, https:\/\/apador.org\/wp-content\/uploads\/2022\/09\/justitie-300x169.jpg 300w\" sizes=\"auto, (max-width: 100px) 100vw, 100px\" \/><\/a><p class=\"lcp_excerpt\">When someone is tried and convicted without being present in court, this is known as a trial in absence. These cases raise serious questions about fairness \u2014 especially when the person did not know about the trial or did not clearly give up their right ...<\/p><\/li><li><p><a href=\"https:\/\/apador.org\/en\/imbunatatirea-justitiei-juvenile-si-a-conditiilor-de-detentie-in-europa\/\">Advancing Juvenile Justice in Europe \u2013 EPO4YOUTH<\/a><\/p><p class=\"lcp_date\">   November 28th, 2025<\/p><a href=\"https:\/\/apador.org\/en\/imbunatatirea-justitiei-juvenile-si-a-conditiilor-de-detentie-in-europa\/\" title=\"Advancing Juvenile Justice in Europe \u2013 EPO4YOUTH\"><img loading=\"lazy\" decoding=\"async\" width=\"100\" height=\"49\" src=\"https:\/\/apador.org\/wp-content\/uploads\/2025\/11\/epo-youth.jpg\" class=\"lcp_thumbnail wp-post-image\" alt=\"Advancing Juvenile Justice in Europe \u2013 EPO4YOUTH\" \/><\/a><p class=\"lcp_excerpt\">Proiectul urm\u0103re\u0219te s\u0103 consolideze rolul \u0219i capacitatea re\u021belei European Prison Observatory (EPO) de a monitoriza \u0219i proteja drepturile tinerilor afla\u021bi \u00een centre de deten\u021bie. APADOR-CH este implicat\u0103 \u00een acest demers al\u0103turi de nou\u0103 parteneri din \u00eentreaga Europ\u0103.\n<\/p><\/li><\/ul>","protected":false},"excerpt":{"rendered":"","protected":false},"author":2,"featured_media":0,"parent":0,"menu_order":0,"comment_status":"closed","ping_status":"open","template":"","meta":{"footnotes":""},"class_list":["post-364","page","type-page","status-publish","hentry"],"_links":{"self":[{"href":"https:\/\/apador.org\/en\/wp-json\/wp\/v2\/pages\/364","targetHints":{"allow":["GET"]}}],"collection":[{"href":"https:\/\/apador.org\/en\/wp-json\/wp\/v2\/pages"}],"about":[{"href":"https:\/\/apador.org\/en\/wp-json\/wp\/v2\/types\/page"}],"author":[{"embeddable":true,"href":"https:\/\/apador.org\/en\/wp-json\/wp\/v2\/users\/2"}],"replies":[{"embeddable":true,"href":"https:\/\/apador.org\/en\/wp-json\/wp\/v2\/comments?post=364"}],"version-history":[{"count":0,"href":"https:\/\/apador.org\/en\/wp-json\/wp\/v2\/pages\/364\/revisions"}],"wp:attachment":[{"href":"https:\/\/apador.org\/en\/wp-json\/wp\/v2\/media?parent=364"}],"curies":[{"name":"wp","href":"https:\/\/api.w.org\/{rel}","templated":true}]}}