{"id":5034,"date":"2016-04-07T15:18:49","date_gmt":"2016-04-07T15:18:49","guid":{"rendered":"http:\/\/www.apador.org\/?page_id=5034"},"modified":"2016-04-12T12:20:20","modified_gmt":"2016-04-12T12:20:20","slug":"prieteni-apador-ch","status":"publish","type":"page","link":"https:\/\/apador.org\/en\/prieteni-apador-ch\/","title":{"rendered":"APADOR-CH friends"},"content":{"rendered":"<p class=\"qtranxs-available-languages-message qtranxs-available-languages-message-en\">Sorry, this entry is only available in <a href=\"https:\/\/apador.org\/ro\/wp-json\/wp\/v2\/pages\/5034\" class=\"qtranxs-available-language-link qtranxs-available-language-link-ro\" title=\"Rom\u00e2n\u0103\">Rom\u00e2n\u0103<\/a>. For the sake of viewer convenience, the content is shown below in the alternative language. You may click the link to switch the active language.<\/p><p>Ce spun despre noi oameni care au lucrat cu noi:<\/p>\n<h3>F\u0103r\u0103 ajutorul avocatei Nicoleta Popescu \u0219i al celor de la APADOR-CH nu a\u0219 fi putut s\u0103 duc singur o lupt\u0103 at\u00e2t de lung\u0103<\/h3>\n<p style=\"text-align: justify;\"><a href=\"http:\/\/www.apador.org\/wp-content\/uploads\/2016\/04\/serban-marinescu.jpg\"><img loading=\"lazy\" decoding=\"async\" class=\"alignleft size-large wp-image-5041\" alt=\"serban marinescu\" src=\"http:\/\/www.apador.org\/wp-content\/uploads\/2016\/04\/serban-marinescu-355x355.jpg\" width=\"355\" height=\"355\" \/><\/a>M\u0103 numesc \u0218erban Marinescu \u0219i acum 8 ani am fost b\u0103tut de trei poli\u021bi\u0219ti \u00een sectia 22 de poli\u021bie din cartierul Drumul Taberei. I-am dat \u00een judecat\u0103 pe cei trei poli\u021bi\u0219ti iar procesul este \u00eenc\u0103 pe rol. \u00cen 8 ani de zile, sistemul de justi\u021bie din Rom\u00e2nia nu a reu\u0219it s\u0103 rezolve acest caz. Am pierdut, am c\u00e2\u0219tigat, ne-am \u00eentors deja de 3 ori \u00een punctul zero al re\u00eenceperii anchetei penale. \u00cen timpul procesului ne-au fost refuzate argumentele, dovezile \u0219i martorii iar atitudinea institu\u021biilor ne-a fost evident potrivnic\u0103. Nu am sim\u021bit \u00een niciun moment c\u0103 vreo institu\u021bie a statului implicat\u0103 este interesat\u0103 de drepturile cet\u0103\u021beanului, ci doar de ap\u0103rarea propriilor angaja\u021bi.<\/p>\n<p style=\"text-align: justify;\">\u00cen tot acest timp am fost asistat juridic gratuit de c\u0103tre APADOR-CH \u0219i de c\u0103tre Nicoleta Popescu. Acum un an, \u00een fa\u021ba eviden\u021bei c\u0103 \u00een Rom\u00e2nia nu reu\u0219im o rezolvare a cazului, am deschis \u00eempreun\u0103 cu cei de la asocia\u021bie un proces la CEDO \u00eempotriva statului rom\u00e2n. Marinescu vs. Rom\u00e2nia. \u00centr-un an am ca\u0219tigat. <a href=\"http:\/\/www.apador.org\/romania-condamnata-la-cedo-pentru-inca-un-cetatean-batut-de-politie\/\" target=\"_blank\">CEDO a admis c\u0103 statul rom\u00e2n a gre\u0219it nerezolv\u00e2nd cazul \u00een at\u00e2t de mult timp<\/a>.<\/p>\n<p style=\"text-align: justify;\">Sincer, f\u0103r\u0103 ajutorul avocatei Nicoleta Popescu \u0219i al celor de la APADOR-CH, nu a\u0219 fi putut s\u0103 duc singur o lupt\u0103 at\u00e2t de lung\u0103. Sunt impresionat \u0219i profund recunosc\u0103tor tuturor celor implica\u021bi care m-au ajutat \u00een to\u021bi ace\u0219ti ani. A fost o lupt\u0103 comun\u0103 \u0219i sper c\u0103 rezultatele noastre s\u0103 \u00eei ajute \u0219i pe al\u021bii s\u0103 nu mai treac\u0103 prin a\u0219a ceva. Sunt convins c\u0103 am \u00eempins m\u0103car un pic lucrurile spre o Rom\u00e2nie mai civilizat\u0103 \u0219i mai corect\u0103.<\/p>\n<p style=\"text-align: justify;\">Mul\u021bumesc Nicoleta Popescu \u0219i APADOR-CH!<\/p>\n<p style=\"text-align: right;\"><i>\u0218erban Marinescu, arhitect<\/i><\/p>\n<div class=\"su-note\"  style=\"border-color:#c4ccde;border-radius:3px;-moz-border-radius:3px;-webkit-border-radius:3px;\"><div class=\"su-note-inner su-u-clearfix su-u-trim\" style=\"background-color:#dee6f8;border-color:#ffffff;color:#333333;border-radius:3px;-moz-border-radius:3px;-webkit-border-radius:3px;\">\n<h3>Cu voi am \u00eenv\u0103\u021bat s\u0103 ne ap\u0103r\u0103m drepturile<\/h3>\n<p style=\"text-align: justify;\"><a href=\"http:\/\/www.apador.org\/wp-content\/uploads\/2016\/04\/maria-georgescu-aras.jpg\"><img loading=\"lazy\" decoding=\"async\" class=\"alignright size-medium wp-image-5040\" alt=\"maria georgescu-aras\" src=\"http:\/\/www.apador.org\/wp-content\/uploads\/2016\/04\/maria-georgescu-aras-300x200.jpg\" width=\"300\" height=\"200\" srcset=\"https:\/\/apador.org\/wp-content\/uploads\/2016\/04\/maria-georgescu-aras-300x200.jpg 300w, https:\/\/apador.org\/wp-content\/uploads\/2016\/04\/maria-georgescu-aras-768x513.jpg 768w, https:\/\/apador.org\/wp-content\/uploads\/2016\/04\/maria-georgescu-aras-1030x687.jpg 1030w, https:\/\/apador.org\/wp-content\/uploads\/2016\/04\/maria-georgescu-aras-1536x1025.jpg 1536w, https:\/\/apador.org\/wp-content\/uploads\/2016\/04\/maria-georgescu-aras-2048x1367.jpg 2048w, https:\/\/apador.org\/wp-content\/uploads\/2016\/04\/maria-georgescu-aras-1500x1001.jpg 1500w, https:\/\/apador.org\/wp-content\/uploads\/2016\/04\/maria-georgescu-aras-705x471.jpg 705w, https:\/\/apador.org\/wp-content\/uploads\/2016\/04\/maria-georgescu-aras-800x534.jpg 800w\" sizes=\"auto, (max-width: 300px) 100vw, 300px\" \/><\/a>APADOR-CH ne-a ajutat s\u0103 lucr\u0103m \u00een acord cu legile rom\u00e2ne\u0219ti \u0219i s\u0103 reclam\u0103m nerespectarea, gre\u0219ita aplicare sau ignorarea ei de c\u0103tre institu\u021biile publice sau private \u00een rela\u021bie cu cet\u0103\u021beanul sau cu alt\u0103 entitate. Am c\u0103p\u0103tat cuno\u0219tinetele \u0219i curajul necesar s\u0103 ne ap\u0103r\u0103m drepturile ca ONG dar \u0219i s\u0103 milit\u0103m pentru drepturile persoanelor care se adreseaz\u0103 serviciilor noastre.<\/p>\n<p style=\"text-align: justify;\">APADOR-CH ne-a ajutat s\u0103 facem studii referitoare la accesul la tratament pentru persoanele vulnerabile. Mul\u021bumim c\u0103 exista\u021bi !!!<\/p>\n<p style=\"text-align: right;\"><i>Cu drag, Maria Georgescu, Director Executiv ARAS<\/i><\/p>\n<p style=\"text-align: left;\"><\/div><\/div>\n<h3><\/h3>\n<h3>Sunte\u021bi singura institu\u021bie care timp de 15 ani m-a luat \u00een serios<\/h3>\n<p style=\"text-align: justify;\"><a href=\"http:\/\/www.apador.org\/wp-content\/uploads\/2016\/04\/Daniela-Tarau.jpg\"><img loading=\"lazy\" decoding=\"async\" class=\"alignleft size-medium wp-image-5039\" alt=\"Daniela Tarau\" src=\"http:\/\/www.apador.org\/wp-content\/uploads\/2016\/04\/Daniela-Tarau-300x280.jpg\" width=\"300\" height=\"280\" srcset=\"https:\/\/apador.org\/wp-content\/uploads\/2016\/04\/Daniela-Tarau-300x280.jpg 300w, https:\/\/apador.org\/wp-content\/uploads\/2016\/04\/Daniela-Tarau-768x718.jpg 768w, https:\/\/apador.org\/wp-content\/uploads\/2016\/04\/Daniela-Tarau-705x659.jpg 705w, https:\/\/apador.org\/wp-content\/uploads\/2016\/04\/Daniela-Tarau.jpg 794w\" sizes=\"auto, (max-width: 300px) 100vw, 300px\" \/><\/a>Singura institu\u021bie care, de c\u00e2nd exist\u0103 \u0219i-a luat rolul \u00een serios. Pentru c\u0103 atunci c\u00e2nd vorbim despre drepturile omului, despre respectarea lor, despre constatarea \u00eenc\u0103lc\u0103rii lor, despre pozi\u021bii \u0219i atitudini publice relevante, vorbim despre APADOR\u2013CH. Rolul acestui organism \u00een societatea rom\u00e2neasc\u0103 este sinonim cu lupta. Lupta \u00eempotriva sistemului, \u00eempotriva exponen\u021bilor lui, \u00eempotriva injustului \u0219i nedreptului, lupt\u0103 \u00eenf\u0103ptuit\u0103 de o echip\u0103 de excep\u021bie. At\u00e2t \u00een plan uman c\u00e2t \u0219i \u00een plan profesional. O m\u00e2n\u0103 de oameni entuzia\u0219ti, care p\u0103zesc cu sfin\u021benie drepturile fundamentale ale omului. A\u0219 \u00eendr\u0103zni s\u0103 numesc acest ONG c\u00e2inele de paz\u0103 al valorilor umane \u00een societatea rom\u00e2neasc\u0103.<\/p>\n<p style=\"text-align: justify;\">A existat un timp \u00een care, \u00een plan personal, APADOR-CH\u00a0 a fost locul unde am sim\u021bit c\u0103 \u00eei pas\u0103 cuiva de mine. De soarta mea, de libertatea mea \u0219i de drepturile mele. Unde sprijinul de specialitate primit a fost necondi\u021bionat. Colaborarea de-a lungul timpului cu aceast\u0103 echip\u0103 mi-a dat \u00eencrederea at\u00e2t de necesar\u0103 pentru a merge mai departe. A fost acel sprijin absolut primit \u00eentr-o zon\u0103 \u00eentunecat\u0103 a existen\u021bei unui om, <a href=\"http:\/\/www.apador.org\/daniela-tarau-a-facut-puscarie-nevinovata\/\" target=\"_blank\">acuzat pe nedrept, \u00eenchis pe nedrept, \u0219i c\u0103ruia o echip\u0103 de speciali\u0219ti ai dreptului \u00eei acord\u0103 \u00eentreg suportul pentru demonstrarea nevinov\u0103\u021biei<\/a>.<\/p>\n<p style=\"text-align: justify;\"><b>Ce am s\u0103 repro\u0219ez APADOR-CH?<\/b>\u00a0Faptul c\u0103 sunt o echip\u0103 mic\u0103, faptul c\u0103 func\u021bioneaz\u0103 \u00eentr-un spa\u021biu mic, faptul c\u0103 depun eforturi mari cu resurse pu\u021bine. Aici g\u00e2ndesc c\u0103 ar trebui schimbat ceva. Faptul c\u0103 nu lucreaz\u0103 cu voluntari, chiar dac\u0103 sunt convins\u0103 c\u0103 mare parte din munca lor este f\u0103cut\u0103 \u00een mod voluntar. Pentru c\u0103 un organism de talia acestuia are multe nevoi. Iar satisfacerea lor se oglinde\u0219te \u00een rezultate.<\/p>\n<p style=\"text-align: justify;\">N-am s\u0103 vorbesc despre succesele APADOR-CH. Ele sunt publice, materializate \u00eentr-un num\u0103r impresionant de\u00a0 hot\u0103r\u00e2ri c\u00e2\u0219tigate la CEDO (printre care m\u0103 num\u0103r \u0219i eu); \u00eentr-un num\u0103r mare de ini\u021biative civice, de pozi\u021bii cu privire la tot ce \u00eenseamn\u0103 actul de justi\u021bie. \u00cen schimb pot s\u0103 vorbesc despre respect. Despre respectul ar\u0103tat omului cu care echipa APADOR-CH \u00eentr\u0103 \u00een contact. \u0218i atunci pentru respect, pentru sprijin necondi\u021bionat, pentru profesionalism \u0219i pentru munc\u0103 MUL\u021aUMESC APADOR\u2013CH !<\/p>\n<p style=\"text-align: right;\"><i>Daniela Tar\u0103u<\/i><\/p>\n<p style=\"text-align: justify;\">_______________________________________________________________________________<\/p>\n<blockquote><p><b><a href=\"http:\/\/www.apador.org\/wp-content\/uploads\/2016\/04\/stefan-mako.jpg\"><img loading=\"lazy\" decoding=\"async\" class=\"alignleft size-thumbnail wp-image-5061\" alt=\"stefan mako\" src=\"http:\/\/www.apador.org\/wp-content\/uploads\/2016\/04\/stefan-mako-150x150.jpg\" width=\"150\" height=\"150\" \/><\/a>Voi chiar v\u0103 lua\u021bi la tr\u00e2nt\u0103 cu statul\u00a0<\/b>Pe l\u00e2ng\u0103 rela\u021bia foarte direct\u0103 \u0219i deschis\u0103 pe care o are cu jurnali\u0219tii, APADOR-CH este una dintre pu\u021binele organiza\u021bii neguvernamentale care chiar se ia la tr\u00e2nt\u0103 cu statul pentru ap\u0103rarea drepturilor omului.<b><br \/>\n<\/b><\/p><\/blockquote>\n<p style=\"text-align: right;\"><i><a href=\"http:\/\/www.apador.org\/raport-asupra-cazului-stefan-mako-jurnalist-agresat-de-politisti-in-incinta-sediului-sectiei-de-politie-centrul-vechi-din-strada-selari-nr-22-2\/\" target=\"_blank\">Stefan Mako<\/a>, jurnalist la Casa jurnalistului<\/i><\/p>\n<h3><\/h3>\n<h3>____________________________________________________________________<\/h3>\n<div class=\"su-note\"  style=\"border-color:#c4ccde;border-radius:3px;-moz-border-radius:3px;-webkit-border-radius:3px;\"><div class=\"su-note-inner su-u-clearfix su-u-trim\" style=\"background-color:#dee6f8;border-color:#ffffff;color:#333333;border-radius:3px;-moz-border-radius:3px;-webkit-border-radius:3px;\">\n<h3>You are reliable and at the same time working with you is so much fun<\/h3>\n<p style=\"text-align: justify;\">Fair Trials and APADOR-CH have been working together on a number of \u00a0projects ranging from pre-trial detention to delivering trainings to 40 \u00a0lawyers in Bucharest to broader work on human rights and defence rights \u00a0in Europe. We really enjoy and appreciate working with APADOR-CH &#8211; they \u00a0do great project work, are very knowledgeable with regards to human rights, and are absolutely committed to improving human rights in Romania and the EU, they are reliable &#8211; and at the same time working with them is so much fun, because, in fact, they are incredibly nice and funny people too!<\/p>\n<p><b><i>Alex Mik, Campaigns and Communications Manager, Fair Trials<\/i><\/b><\/p>\n<p>\/<em>Fair Trials \u0219i APADOR-CH au lucrat \u00eempreun\u0103 \u00een mai multe proiecte, de la studii despre arestul preventiv, cursuri de preg\u0103tire pentru 40 de avoca\u021bi \u00een Bucure\u0219ti p\u00e2n\u0103 la diverse activit\u0103\u021bi din domeniul drepturilor omului \u0219i ap\u0103r\u0103r\u0103rii acestora \u00een Europa. Ne-am bucurat \u0219i am apreciat colaborarea cu APADOR-CH \u2013 organiza\u021bia face cu adev\u0103rat o munc\u0103 extraordinar\u0103, are o echip\u0103 de buni cunosc\u0103tori ai drepturilor omului, dedicat\u0103 acestor activit\u0103\u021bi \u00een Rom\u00e2nia \u0219i UE. O organiza\u021bie serioas\u0103, de \u00eencredere, \u0219i \u00een acela\u0219i timp munca al\u0103turi de echipa lor este at\u00e2t de pl\u0103cut\u0103 \u0219i amuzant\u0103 pentru c\u0103 sunt ni\u0219te oameni incredibil de dr\u0103gu\u021bi.\u00a0<\/em><i>Alex Mik, responsabil cu comunicarea, Fair Trials\/<\/i><\/p>\n<\/div><\/div>\n<h3>Dan Perjovschi:<\/h3>\n<p><a href=\"http:\/\/www.apador.org\/wp-content\/uploads\/2013\/09\/12885982_10154097685051789_8711008161430677486_o.jpg\"><img loading=\"lazy\" decoding=\"async\" class=\"aligncenter size-large wp-image-5083\" alt=\"12885982_10154097685051789_8711008161430677486_o\" src=\"http:\/\/www.apador.org\/wp-content\/uploads\/2013\/09\/12885982_10154097685051789_8711008161430677486_o-532x355.jpg\" width=\"532\" height=\"355\" \/><\/a><\/p>\n<h3>Sunte\u021bi drumul prin care oamenii intr\u0103 \u00een leg\u0103tur\u0103 cu drepturile lor<\/h3>\n<p style=\"text-align: justify;\"><a href=\"http:\/\/www.apador.org\/wp-content\/uploads\/2016\/04\/buliga-anca.jpg\"><img loading=\"lazy\" decoding=\"async\" class=\"alignleft size-large wp-image-5038\" alt=\"buliga anca\" src=\"http:\/\/www.apador.org\/wp-content\/uploads\/2016\/04\/buliga-anca-355x355.jpg\" width=\"355\" height=\"355\" \/><\/a>Am intrat \u00een contact cu cei de la APADOR-CH la un <a href=\"https:\/\/apador.org\/\/2015\/10\/29\/despre-cedo-pentru-practicieni-juridici\/\" target=\"_blank\">seminar pentru practicieni juridici despre CEDO<\/a>, \u00een cadrul c\u0103ruia au fost aspecte foarte relevante eviden\u021biate de practicieni, referitoare la modul de formulare a unei ac\u021biuni \u0219i atitudinea pe care cet\u0103\u021benii trebuie s\u0103 o aib\u0103 referitor la CEDO. Ceea ce m-a atras a fost faptul c\u0103 am v\u0103zut cum oamenii cu un poten\u021bial uria\u0219, \u0219i care dau dovad\u0103 de implicare \u00een ceea ce fac, ob\u021bin roadele muncii lor.<\/p>\n<p style=\"text-align: justify;\">O echip\u0103 de profesioni\u0219ti, iar ceea ce s-a prezentat \u00een cadrul seminarului mi-a fost foarte util. Voi participa cu drag \u0219i voi r\u0103spunde afirmativ la toate ini\u021biativele celor APADOR-CH pentru c\u0103 \u0219tiu c\u0103 modul lor de a fi aduce plus valoare societ\u0103\u021bii. APADOR-CH reprezint\u0103 drumul prin care oamenii intr\u0103 \u00een leg\u0103tur\u0103 cu drepturile lor.<\/p>\n<p style=\"text-align: right;\"><i>Cu drag, avocat Anca Buliga<\/i><\/p>\n<p><b><i>\u00a0<\/i><\/b><\/p>\n<div class=\"su-note\"  style=\"border-color:#c4ccde;border-radius:3px;-moz-border-radius:3px;-webkit-border-radius:3px;\"><div class=\"su-note-inner su-u-clearfix su-u-trim\" style=\"background-color:#dee6f8;border-color:#ffffff;color:#333333;border-radius:3px;-moz-border-radius:3px;-webkit-border-radius:3px;\"> A\u0219tept\u0103m \u0219i alte p\u0103reri. Dac\u0103 vre\u021bi s\u0103 ne scrie\u021bi: office@apador.org<\/p>\n<p>Dac\u0103 vre\u021bi s\u0103 ne sprijini\u021bi, g\u0103si\u021bi <a href=\"http:\/\/www.apador.org\/donate\/\" target=\"_blank\">aici c\u00e2teva modalit\u0103\u021bi<\/a>.<\/p>\n<\/div><\/div><\/p>","protected":false},"excerpt":{"rendered":"<p>Sorry, this entry is only available in Rom\u00e2n\u0103. For the sake of viewer convenience, the content is shown below in the alternative language. You may click the link to switch the active language.Ce spun despre noi oameni care au lucrat cu noi: F\u0103r\u0103 ajutorul avocatei Nicoleta Popescu \u0219i al celor de la APADOR-CH nu a\u0219 [&hellip;]<\/p>\n","protected":false},"author":2,"featured_media":5053,"parent":0,"menu_order":0,"comment_status":"closed","ping_status":"open","template":"","meta":{"footnotes":""},"class_list":["post-5034","page","type-page","status-publish","has-post-thumbnail","hentry"],"_links":{"self":[{"href":"https:\/\/apador.org\/en\/wp-json\/wp\/v2\/pages\/5034","targetHints":{"allow":["GET"]}}],"collection":[{"href":"https:\/\/apador.org\/en\/wp-json\/wp\/v2\/pages"}],"about":[{"href":"https:\/\/apador.org\/en\/wp-json\/wp\/v2\/types\/page"}],"author":[{"embeddable":true,"href":"https:\/\/apador.org\/en\/wp-json\/wp\/v2\/users\/2"}],"replies":[{"embeddable":true,"href":"https:\/\/apador.org\/en\/wp-json\/wp\/v2\/comments?post=5034"}],"version-history":[{"count":0,"href":"https:\/\/apador.org\/en\/wp-json\/wp\/v2\/pages\/5034\/revisions"}],"wp:featuredmedia":[{"embeddable":true,"href":"https:\/\/apador.org\/en\/wp-json\/wp\/v2\/media\/5053"}],"wp:attachment":[{"href":"https:\/\/apador.org\/en\/wp-json\/wp\/v2\/media?parent=5034"}],"curies":[{"name":"wp","href":"https:\/\/api.w.org\/{rel}","templated":true}]}}