{"id":74,"date":"2012-01-26T09:10:55","date_gmt":"2012-01-26T09:10:55","guid":{"rendered":"http:\/\/www.apador.org\/blog\/?page_id=74"},"modified":"2012-01-26T09:10:55","modified_gmt":"2012-01-26T09:10:55","slug":"despre-noi","status":"publish","type":"page","link":"https:\/\/apador.org\/en\/despre-noi\/","title":{"rendered":"Despre noi"},"content":{"rendered":"[tabs style=&#8221;vertical&#8221;] [tab title=&#8221;Despre noi&#8221;]<strong><a title=\"Apador CH\" href=\"http:\/\/www.apador.org\" target=\"_blank\" rel=\"noopener noreferrer\">APADOR-CH (Asocia\u0163ia pentru Ap\u0103rarea Drepturilor Omului \u00een Rom\u00e2nia, Comitetul Helsinki)<\/a><\/strong><br \/>\neste o organiza\u0163ie neguvernamental\u0103, non-profit, \u00eenfiin\u0163at\u0103 \u00een 1990.<\/p>\n<p><strong>Ne dorim s\u0103 fim:<\/strong><br \/>\n[unordered_list style=&#8221;tick&#8221;]\n<ul>\n<li>un element de referin\u0163\u0103 influent \u015fi principial, \u00een dialogurile cu statul<\/li>\n<li>un factor determinant al schimb\u0103rii societ\u0103\u0163ii \u015fi institu\u0163iilor sale \u00een sensul realiz\u0103rii unei culturi democratice, bazat\u0103 pe respectarea drepturilor omului<\/li>\n<\/ul>\n[\/unordered_list]\n<p><strong>Misiunea noastra<\/strong><br \/>\n[unordered_list style=&#8221;star&#8221;]\n<ul>\n<li>este de a determina cre\u015fterea gradului de con\u015ftientizare \u015fi respectare a drepturilor omului \u015fi a principiului preeminen\u0163ei legii<\/li>\n<\/ul>\n[\/unordered_list]\n<p><strong>Obiective strategice:<\/strong><br \/>\n[unordered_list style=&#8221;arrow&#8221;]\n<ul>\n<li>\u00cent\u0103rirea sprijinului pentru drepturile omului din partea actorilor politici, a presei \u015fi a publicului larg<\/li>\n<li>\u00cembun\u0103t\u0103\u0163irea practicilor privind protec\u0163ia juridic\u0103 \u00eempotriva discrimin\u0103rii grupurilor vulnerabile<\/li>\n<li>Dezvoltarea unor mecanisme eficiente pentru asigurarea respect\u0103rii drepturilor persoanelor private de libertate<\/li>\n<li>Cre\u015fterea transparen\u0163ei administra\u0163iei<\/li>\n<li>Cre\u015fterea transparen\u0163ei \u015fi calit\u0103\u0163ii hot\u0103r\u00e2rilor judec\u0103tore\u015fti<\/li>\n<li>Eliminarea interferen\u0163elor nejustificate ale statului cu dreptul la liber\u0103 asociere \u015fi \u00een activitatea organiza\u0163iilor neguvernamentale<\/li>\n<li>Luarea de pozi\u0163ii \u00eempotriva amenin\u0163\u0103rilor la adresa drepturilor omului<\/li>\n<\/ul>\n[\/unordered_list]\n<p><strong>Activitati APADOR:<\/strong><\/p>\n[unordered_list style=&#8221;tick&#8221;]\n<ul>\n<li>elabor\u0103m comentarii scrise \u015fi propuneri de modificare a legilor\/proiectelor de legi cu impact asupra drepturilor \u015fi libert\u0103\u0163ilor civile<\/li>\n<li>efectu\u0103m investiga\u0163ii extrajudiciare \u00een penitenciare \u015fi aresturile Poli\u0163iei pentru monitorizarea condi\u0163iilor de deten\u0163ie<\/li>\n<li>efectu\u0103m investiga\u0163ii extrajudiciare \u00een cazuri de \u00eenc\u0103lc\u0103ri ale dreptului la via\u0163\u0103, dreptului de a nu fi torturat, supus la tratamente inumane sau degradante, dreptului la libertate \u015fi siguran\u0163\u0103 a persoanei, pe care le consider\u0103m relevante<\/li>\n<li>sus\u0163inem cazuri strategice \u00een fa\u0163a instan\u0163elor na\u0163ionale \u015fi a Cur\u0163ii Europene a Drepturilor Omului<\/li>\n<li>ini\u0163iem \u015fi sus\u0163inem campanii de informare a publicului \u00een probleme privind drepturile omului<\/li>\n<li>dialog\u0103m cu autorit\u0103\u0163ile competente ale statului<\/li>\n<li>furniz\u0103m informa\u0163ii celor care doresc s\u0103 se adreseze Cur\u0163ii Europene a Drepturilor Omului<\/li>\n<\/ul>\n[\/unordered_list]\n[\/tab][tab title=&#8221;Echipa&#8221;]<strong>Echipa APADOR-CH<\/strong>[unordered_list style=&#8221;bullet&#8221;]\n<ul>\n<li>Maria-Nicoleta Andreescu &#8211; Director Executiv, sociolog<\/li>\n<li>Dan Mihai &#8211; Expert, avocat<\/li>\n<li>Nicoleta Popescu &#8211; Expert, avocat<\/li>\n<li>Cristinel Buzatu &#8211; Expert<\/li>\n<li>Dollores Benezic &#8211; PR<\/li>\n<li>Adelina Bobo\u015fatu &#8211; Asistent Proiect<\/li>\n<li>Silvia Gheorghe &#8211; Director Economic<\/li>\n<li>Laura Goran &#8211; Asistent Financiar\/Functionar Economic<\/li>\n<\/ul>\n[\/unordered_list] [\/tab][tab title=&#8221;Consiliul Director&#8221;]<strong>Membrii Consiliului Director al APADOR-CH<\/strong>[unordered_list style=&#8221;bullet&#8221;]\n<ul>\n<li>Diana Cr\u00e2nga\u015fu<\/li>\n<li>Diana Hatneanu<\/li>\n<li>Liana Ganea<\/li>\n<li>Romani\u0163a Iordache<\/li>\n<li>Manuela \u015etef\u0103nescu<\/li>\n<\/ul>\n[\/unordered_list] [\/tab] [\/tabs]\n<p>&nbsp;<\/p>\n","protected":false},"excerpt":{"rendered":"<p>[tabs style=&#8221;vertical&#8221;] [tab title=&#8221;Despre noi&#8221;]APADOR-CH (Asocia\u0163ia pentru Ap\u0103rarea Drepturilor Omului \u00een Rom\u00e2nia, Comitetul Helsinki) este o organiza\u0163ie neguvernamental\u0103, non-profit, \u00eenfiin\u0163at\u0103 \u00een 1990. Ne dorim s\u0103 fim: [unordered_list style=&#8221;tick&#8221;] un element de referin\u0163\u0103 influent \u015fi principial, \u00een dialogurile cu statul un factor determinant al schimb\u0103rii societ\u0103\u0163ii \u015fi institu\u0163iilor sale \u00een sensul realiz\u0103rii unei culturi democratice, bazat\u0103 [&hellip;]<\/p>\n","protected":false},"author":5,"featured_media":0,"parent":0,"menu_order":45,"comment_status":"open","ping_status":"closed","template":"template-fullwidth.php","meta":{"footnotes":""},"class_list":["post-74","page","type-page","status-publish","hentry"],"_links":{"self":[{"href":"https:\/\/apador.org\/en\/wp-json\/wp\/v2\/pages\/74","targetHints":{"allow":["GET"]}}],"collection":[{"href":"https:\/\/apador.org\/en\/wp-json\/wp\/v2\/pages"}],"about":[{"href":"https:\/\/apador.org\/en\/wp-json\/wp\/v2\/types\/page"}],"author":[{"embeddable":true,"href":"https:\/\/apador.org\/en\/wp-json\/wp\/v2\/users\/5"}],"replies":[{"embeddable":true,"href":"https:\/\/apador.org\/en\/wp-json\/wp\/v2\/comments?post=74"}],"version-history":[{"count":0,"href":"https:\/\/apador.org\/en\/wp-json\/wp\/v2\/pages\/74\/revisions"}],"wp:attachment":[{"href":"https:\/\/apador.org\/en\/wp-json\/wp\/v2\/media?parent=74"}],"curies":[{"name":"wp","href":"https:\/\/api.w.org\/{rel}","templated":true}]}}