{"id":7861,"date":"2020-06-11T09:20:07","date_gmt":"2020-06-11T07:20:07","guid":{"rendered":"https:\/\/www.apador.org\/?page_id=7861"},"modified":"2020-09-09T14:50:14","modified_gmt":"2020-09-09T12:50:14","slug":"executarea-hotararilor-cedo","status":"publish","type":"page","link":"https:\/\/apador.org\/en\/executarea-hotararilor-cedo\/","title":{"rendered":"Executarea hot\u0103r\u00e2rilor CEDO"},"content":{"rendered":"<p class=\"qtranxs-available-languages-message qtranxs-available-languages-message-en\">Sorry, this entry is only available in <a href=\"https:\/\/apador.org\/ro\/wp-json\/wp\/v2\/pages\/7861\" class=\"qtranxs-available-language-link qtranxs-available-language-link-ro\" title=\"Rom\u00e2n\u0103\">Rom\u00e2n\u0103<\/a>. For the sake of viewer convenience, the content is shown below in the alternative language. You may click the link to switch the active language.<\/p><p style=\"text-align: justify;\">APADOR-CH este membru fondator al <a href=\"http:\/\/www.einnetwork.org\/\" target=\"_blank\" rel=\"noopener noreferrer\">European Implementation Network<\/a>, care aduce \u00eempreun\u0103 ONG-uri, avoca\u021bi, victime \u0219i speciali\u0219ti \u00een implementarea hot\u0103r\u00e2rilor CEDO. Ca organiza\u021bie de drepturile omului, APADOR-CH s-a implicat \u00een monitorizarea implement\u0103rii cauzelor CEDO, prin sus\u021binerea unor puncte de vedere \u00een fa\u021ba Comitetului de Mini\u0219tri. Pe aceast\u0103 pagin\u0103 g\u0103si\u021bi interven\u021biile APADOR-CH la Comitetul de Mini\u0219tri, articole \u0219i materiale utile despre implementarea hot\u0103r\u00e2rilor CEDO la nivel na\u021bional, ghiduri pentru ONG-uri care vor s\u0103 se implice \u00een monitorizarea implement\u0103rii hot\u0103r\u00e2rilor, comentarii ale speciali\u0219tilor etc.<\/p>\n<hr \/>\n<p><strong><a href=\"https:\/\/www.apador.org\/wp-content\/uploads\/2020\/06\/EIN-Handbook_EN_updated-version_ro_rev.1.pdf\" class=\"su-button su-button-style-default su-button-wide\" style=\"color:#324645;background-color:#ffa602;border-color:#cc8502;border-radius:7px\" target=\"_blank\" rel=\"noopener noreferrer\" title=\"Executarea Hot\u0103r\u00e2rilor Cur\u021bii Europene a Drepturilor Omului - Un ghid pentru ONG-uri, p\u0103r\u021bi v\u0103t\u0103mate \u0219i avoca\u021bi\"><span style=\"color:#324645;padding:7px 20px;font-size:16px;line-height:24px;border-color:#ffc14e;border-radius:7px;text-shadow:none\"><i class=\"sui sui-hand-o-right\" style=\"font-size:16px;color:#FFFFFF\"><\/i> Executarea Hot\u0103r\u00e2rilor Cur\u021bii Europene a Drepturilor Omului &#8211; Un ghid pentru ONG-uri, p\u0103r\u021bi v\u0103t\u0103mate \u0219i avoca\u021bi <\/span><\/a><\/strong><\/p>\n<p><strong><a href=\"https:\/\/www.apador.org\/wp-content\/uploads\/2020\/06\/Guide-to-Drafting-Rule-9.2-submissions_EN_rum.pdf\" class=\"su-button su-button-style-default su-button-wide\" style=\"color:#324645;background-color:#08af43;border-color:#078c36;border-radius:7px\" target=\"_blank\" rel=\"noopener noreferrer\" title=\"Scurt ghid pentru cererile depuse la Comitetul de Mini\u0219tri, conform Regulii 9\"><span style=\"color:#324645;padding:7px 20px;font-size:16px;line-height:24px;border-color:#53c77c;border-radius:7px;text-shadow:none\"><i class=\"sui sui-hand-o-right\" style=\"font-size:16px;color:#FFFFFF\"><\/i> Scurt ghid pentru cererile depuse la Comitetul de Mini\u0219tri, conform Regulii 9 <\/span><\/a><\/strong><\/p>\n<hr \/>\n<p><strong><a href=\"https:\/\/www.apador.org\/interventiile-apador-ch-pe-langa-comitetul-de-ministri-pentru-implementarea-hotararilor-cedo\/\" class=\"su-button su-button-style-soft su-button-wide\" style=\"color:#324645;background-color:#ec2800;border-color:#bd2000;border-radius:7px\" target=\"_blank\" rel=\"noopener noreferrer\" title=\"Interven\u021biile APADOR-CH pe l\u00e2ng\u0103 Comitetul de Mini\u0219tri, pentru implementarea hot\u0103r\u00e2rilor CEDO\"><span style=\"color:#324645;padding:7px 20px;font-size:16px;line-height:24px;border-color:#f2694d;border-radius:7px;text-shadow:none\"><i class=\"sui sui-hand-o-right\" style=\"font-size:16px;color:#FFFFFF\"><\/i> Interven\u021biile APADOR-CH pe l\u00e2ng\u0103 Comitetul de Mini\u0219tri, pentru implementarea hot\u0103r\u00e2rilor CEDO<\/span><\/a><\/strong><\/p>\n<hr \/>\n<ul class=\"lcp_catlist\" id=\"lcp_instance_1\"><li><p><a href=\"https:\/\/apador.org\/en\/rule-9-submission-regarding-the-supervision-of-the-execution-of-the-judgment-ghiulfer-predescu-v-romania-case\/\">Rule 9 submission regarding the supervision of the execution of the judgment\u00a0Ghiulfer Predescu v. Romania case<\/a><\/p><p class=\"lcp_date\">   20.01. 2025<\/p><a href=\"https:\/\/apador.org\/en\/rule-9-submission-regarding-the-supervision-of-the-execution-of-the-judgment-ghiulfer-predescu-v-romania-case\/\" title=\"Rule 9 submission regarding the supervision of the execution of the judgment\u00a0Ghiulfer Predescu v. Romania case\"><img loading=\"lazy\" decoding=\"async\" width=\"100\" height=\"50\" src=\"https:\/\/apador.org\/wp-content\/uploads\/2024\/11\/anti-slapp.png\" class=\"lcp_thumbnail wp-post-image\" alt=\"Rule 9 submission regarding the supervision of the execution of the judgment\u00a0Ghiulfer Predescu v. Romania case\" srcset=\"https:\/\/apador.org\/wp-content\/uploads\/2024\/11\/anti-slapp.png 1200w, https:\/\/apador.org\/wp-content\/uploads\/2024\/11\/anti-slapp-300x150.png 300w, https:\/\/apador.org\/wp-content\/uploads\/2024\/11\/anti-slapp-1030x515.png 1030w, https:\/\/apador.org\/wp-content\/uploads\/2024\/11\/anti-slapp-768x384.png 768w, https:\/\/apador.org\/wp-content\/uploads\/2024\/11\/anti-slapp-705x353.png 705w\" sizes=\"auto, (max-width: 100px) 100vw, 100px\" \/><\/a><p class=\"lcp_excerpt\">APADOR-CH argues that both the standards of the Recommendation CM\/Rec (2024) for countering the use of SLAPPs, as well as the current situation of SLAPPs in Romania should be taken into account for the full and effective implementation of the Ghiulfer Predescu group of judgments ...<\/p><\/li><li><p><a href=\"https:\/\/apador.org\/en\/romania-pe-primul-loc-la-neimplementarea-hotararilor-cedo-si-in-2023\/\">Rom\u00e2nia, pe primul loc la neexecutarea hot\u0103r\u00e2rilor CEDO \u0219i \u00een 2023<\/a><\/p><p class=\"lcp_date\">   12.07. 2023<\/p><a href=\"https:\/\/apador.org\/en\/romania-pe-primul-loc-la-neimplementarea-hotararilor-cedo-si-in-2023\/\" title=\"Rom\u00e2nia, pe primul loc la neexecutarea hot\u0103r\u00e2rilor CEDO \u0219i \u00een 2023\"><img loading=\"lazy\" decoding=\"async\" width=\"100\" height=\"112\" src=\"https:\/\/apador.org\/wp-content\/uploads\/2023\/07\/neimplementarea-hotararilor-CEDO.jpg\" class=\"lcp_thumbnail wp-post-image\" alt=\"Rom\u00e2nia, pe primul loc la neexecutarea hot\u0103r\u00e2rilor CEDO \u0219i \u00een 2023\" srcset=\"https:\/\/apador.org\/wp-content\/uploads\/2023\/07\/neimplementarea-hotararilor-CEDO.jpg 1212w, https:\/\/apador.org\/wp-content\/uploads\/2023\/07\/neimplementarea-hotararilor-CEDO-268x300.jpg 268w, https:\/\/apador.org\/wp-content\/uploads\/2023\/07\/neimplementarea-hotararilor-CEDO-921x1030.jpg 921w, https:\/\/apador.org\/wp-content\/uploads\/2023\/07\/neimplementarea-hotararilor-CEDO-768x859.jpg 768w, https:\/\/apador.org\/wp-content\/uploads\/2023\/07\/neimplementarea-hotararilor-CEDO-630x705.jpg 630w\" sizes=\"auto, (max-width: 100px) 100vw, 100px\" \/><\/a><p class=\"lcp_excerpt\">40% dintre hot\u0103r\u00e2rile celor dou\u0103 cur\u021bi europene \u2013 CJUE \u0219i CEDO \u2013 sunt ignorate de statele condamnate. Rom\u00e2nia, Bulgaria, Ungaria, Polonia \u0219i Italia sunt \u021b\u0103rile cu cele mai mari probleme\n<\/p><\/li><li><p><a href=\"https:\/\/apador.org\/en\/cedo-intreaba-romania-tace-ce-face-sri-cu-inregistrarile-pe-mandate-de-siguranta-nationala\/\">CEDO \u00eentreab\u0103, Rom\u00e2nia tace \u2013 ce face SRI cu \u00eenregistr\u0103rile pe Mandate de Siguran\u021b\u0103 Na\u021bional\u0103<\/a><\/p><p class=\"lcp_date\">   06.07. 2023<\/p><a href=\"https:\/\/apador.org\/en\/cedo-intreaba-romania-tace-ce-face-sri-cu-inregistrarile-pe-mandate-de-siguranta-nationala\/\" title=\"CEDO \u00eentreab\u0103, Rom\u00e2nia tace \u2013 ce face SRI cu \u00eenregistr\u0103rile pe Mandate de Siguran\u021b\u0103 Na\u021bional\u0103\"><img loading=\"lazy\" decoding=\"async\" width=\"100\" height=\"70\" src=\"https:\/\/apador.org\/wp-content\/uploads\/2016\/10\/interceptari.jpg\" class=\"lcp_thumbnail wp-post-image\" alt=\"CEDO \u00eentreab\u0103, Rom\u00e2nia tace \u2013 ce face SRI cu \u00eenregistr\u0103rile pe Mandate de Siguran\u021b\u0103 Na\u021bional\u0103\" srcset=\"https:\/\/apador.org\/wp-content\/uploads\/2016\/10\/interceptari.jpg 600w, https:\/\/apador.org\/wp-content\/uploads\/2016\/10\/interceptari-300x209.jpg 300w, https:\/\/apador.org\/wp-content\/uploads\/2016\/10\/interceptari-260x185.jpg 260w\" sizes=\"auto, (max-width: 100px) 100vw, 100px\" \/><\/a><p class=\"lcp_excerpt\">Cauza Bucur \u0219i Toma contra Rom\u00e2niei, zece ani de c\u00e2nd CEDO a condamnat Rom\u00e2nia pentru interceptarea de c\u0103tre SRI, f\u0103r\u0103 drept, a unor jurnali\u0219ti \u0219i a familiilor acestora; Statul rom\u00e2n nu a rezolvat \u00een ultimul deceniu una dintre cerin\u021bele Cur\u021bii Europene pentru ca astfel de ...<\/p><\/li><li><p><a href=\"https:\/\/apador.org\/en\/justitie-amanata-si-justitie-refuzata-nepunerea-in-aplicare-a-hotararilor-curtilor-europene-si-statul-de-drept\/\">Justice Delayed and Justice Denied: Non-Implementation of European Courts\u2019 Judgments and the Rule of Law<\/a><\/p><p class=\"lcp_date\">   19.04. 2022<\/p><a href=\"https:\/\/apador.org\/en\/justitie-amanata-si-justitie-refuzata-nepunerea-in-aplicare-a-hotararilor-curtilor-europene-si-statul-de-drept\/\" title=\"Justice Delayed and Justice Denied: Non-Implementation of European Courts\u2019 Judgments and the Rule of Law\"><img loading=\"lazy\" decoding=\"async\" width=\"100\" height=\"128\" src=\"https:\/\/apador.org\/wp-content\/uploads\/2022\/04\/hotarari-cedo-neimplementate.jpg\" class=\"lcp_thumbnail wp-post-image\" alt=\"Justice Delayed and Justice Denied: Non-Implementation of European Courts\u2019 Judgments and the Rule of Law\" srcset=\"https:\/\/apador.org\/wp-content\/uploads\/2022\/04\/hotarari-cedo-neimplementate.jpg 991w, https:\/\/apador.org\/wp-content\/uploads\/2022\/04\/hotarari-cedo-neimplementate-235x300.jpg 235w, https:\/\/apador.org\/wp-content\/uploads\/2022\/04\/hotarari-cedo-neimplementate-806x1030.jpg 806w, https:\/\/apador.org\/wp-content\/uploads\/2022\/04\/hotarari-cedo-neimplementate-768x982.jpg 768w, https:\/\/apador.org\/wp-content\/uploads\/2022\/04\/hotarari-cedo-neimplementate-551x705.jpg 551w\" sizes=\"auto, (max-width: 100px) 100vw, 100px\" \/><\/a><p class=\"lcp_excerpt\">37,5% of the leading judgments of the European Court of Human Rights relating to EU states from the last ten years have not been implemented. Read full report here\n<\/p><\/li><li><p><a href=\"https:\/\/apador.org\/en\/submission-before-the-committee-of-ministers-in-respect-to-the-case-of-bucur-and-toma-v-romania-application-no-40238-02\/\">Submission before the Committee of Ministers in respect to the case of Bucur and Toma v. Romania (Application No. 40238\/02)<\/a><\/p><p class=\"lcp_date\">   14.10. 2021<\/p><a href=\"https:\/\/apador.org\/en\/submission-before-the-committee-of-ministers-in-respect-to-the-case-of-bucur-and-toma-v-romania-application-no-40238-02\/\" title=\"Submission before the Committee of Ministers in respect to the case of Bucur and Toma v. Romania (Application No. 40238\/02)\"><img loading=\"lazy\" decoding=\"async\" width=\"100\" height=\"73\" src=\"https:\/\/apador.org\/wp-content\/uploads\/2020\/04\/whistleblower.jpg\" class=\"lcp_thumbnail wp-post-image\" alt=\"Submission before the Committee of Ministers in respect to the case of Bucur and Toma v. Romania (Application No. 40238\/02)\" srcset=\"https:\/\/apador.org\/wp-content\/uploads\/2020\/04\/whistleblower.jpg 720w, https:\/\/apador.org\/wp-content\/uploads\/2020\/04\/whistleblower-300x220.jpg 300w, https:\/\/apador.org\/wp-content\/uploads\/2020\/04\/whistleblower-705x518.jpg 705w\" sizes=\"auto, (max-width: 100px) 100vw, 100px\" \/><\/a><p class=\"lcp_excerpt\">APADOR-CH considers that the inclusion of this provision in the draft law would, along with other recommendations, improve the protection system for whistleblowers and would lead to a successful execution of the Bucur and Toma case.\n<\/p><\/li><li><p><a href=\"https:\/\/apador.org\/en\/submission-before-the-committee-of-ministers-on-the-new-action-plan-of-the-romanian-government-in-respect-to-the-cases-of-bragadireanu-v-romania-and-rezmives-and-others-v-romania\/\">Submission before the Committee of Ministers on the new action plan of the Romanian Government in respect to the cases of Bragadireanu v. Romania and Rezmives and Others v. Romania<\/a><\/p><p class=\"lcp_date\">   26.01. 2021<\/p><a href=\"https:\/\/apador.org\/en\/submission-before-the-committee-of-ministers-on-the-new-action-plan-of-the-romanian-government-in-respect-to-the-cases-of-bragadireanu-v-romania-and-rezmives-and-others-v-romania\/\" title=\"Submission before the Committee of Ministers on the new action plan of the Romanian Government in respect to the cases of Bragadireanu v. Romania and Rezmives and Others v. Romania\"><img loading=\"lazy\" decoding=\"async\" width=\"100\" height=\"56\" src=\"https:\/\/apador.org\/wp-content\/uploads\/2020\/06\/comitetul-de-ministri.jpg\" class=\"lcp_thumbnail wp-post-image\" alt=\"Submission before the Committee of Ministers on the new action plan of the Romanian Government in respect to the cases of Bragadireanu v. Romania and Rezmives and Others v. Romania\" srcset=\"https:\/\/apador.org\/wp-content\/uploads\/2020\/06\/comitetul-de-ministri.jpg 870w, https:\/\/apador.org\/wp-content\/uploads\/2020\/06\/comitetul-de-ministri-300x169.jpg 300w, https:\/\/apador.org\/wp-content\/uploads\/2020\/06\/comitetul-de-ministri-768x432.jpg 768w, https:\/\/apador.org\/wp-content\/uploads\/2020\/06\/comitetul-de-ministri-705x396.jpg 705w, https:\/\/apador.org\/wp-content\/uploads\/2020\/06\/comitetul-de-ministri-800x450.jpg 800w\" sizes=\"auto, (max-width: 100px) 100vw, 100px\" \/><\/a><p class=\"lcp_excerpt\">APADOR-CH considers that the new action plan contains many measures necessary to solve the existing problems in the penitentiary system. However, the strict observance of the implementation timetable of the established measures remains a matter of great importance and has to be a priority in ...<\/p><\/li><li><p><a href=\"https:\/\/apador.org\/en\/submission-before-the-committee-of-ministers-on-the-implementation-of-general-measures-in-respect-to-the-cases-of-ciorhan-v-romania-repetitive-case-and-ghiulfer-predescu-v-romania-leading-case\/\">Submission before the Committee of Ministers on the implementation of general measures in respect to the cases of Ciorhan v. Romania (repetitive case) and Ghiulfer Predescu v. Romania (leading case)<\/a><\/p><p class=\"lcp_date\">   15.10. 2020<\/p><p class=\"lcp_excerpt\">APADOR-CH considers that there is a need for more predictable provisions regarding the human rights restriction, the freedom of expression in this case. For this reason, more concrete limits\/criteria should be provided.\n<\/p><\/li><\/ul><ul class='lcp_paginator'><li class='lcp_currentpage'>1<\/li><li><a href='https:\/\/apador.org\/en\/wp-json\/wp\/v2\/pages\/7861?lcp_page1=2#lcp_instance_1' title='2'>2<\/a><\/li><li><a href='https:\/\/apador.org\/en\/wp-json\/wp\/v2\/pages\/7861?lcp_page1=2#lcp_instance_1' title='2' class='lcp_nextlink'>&gt;&gt;<\/a><\/li><\/ul>","protected":false},"excerpt":{"rendered":"<p>Sorry, this entry is only available in Rom\u00e2n\u0103. For the sake of viewer convenience, the content is shown below in the alternative language. You may click the link to switch the active language.APADOR-CH este membru fondator al European Implementation Network, care aduce \u00eempreun\u0103 ONG-uri, avoca\u021bi, victime \u0219i speciali\u0219ti \u00een implementarea hot\u0103r\u00e2rilor CEDO. Ca organiza\u021bie de [&hellip;]<\/p>\n","protected":false},"author":2,"featured_media":6242,"parent":0,"menu_order":0,"comment_status":"closed","ping_status":"closed","template":"","meta":{"footnotes":""},"class_list":["post-7861","page","type-page","status-publish","has-post-thumbnail","hentry"],"_links":{"self":[{"href":"https:\/\/apador.org\/en\/wp-json\/wp\/v2\/pages\/7861","targetHints":{"allow":["GET"]}}],"collection":[{"href":"https:\/\/apador.org\/en\/wp-json\/wp\/v2\/pages"}],"about":[{"href":"https:\/\/apador.org\/en\/wp-json\/wp\/v2\/types\/page"}],"author":[{"embeddable":true,"href":"https:\/\/apador.org\/en\/wp-json\/wp\/v2\/users\/2"}],"replies":[{"embeddable":true,"href":"https:\/\/apador.org\/en\/wp-json\/wp\/v2\/comments?post=7861"}],"version-history":[{"count":0,"href":"https:\/\/apador.org\/en\/wp-json\/wp\/v2\/pages\/7861\/revisions"}],"wp:featuredmedia":[{"embeddable":true,"href":"https:\/\/apador.org\/en\/wp-json\/wp\/v2\/media\/6242"}],"wp:attachment":[{"href":"https:\/\/apador.org\/en\/wp-json\/wp\/v2\/media?parent=7861"}],"curies":[{"name":"wp","href":"https:\/\/api.w.org\/{rel}","templated":true}]}}