{"id":818,"date":"2014-01-30T13:17:21","date_gmt":"2014-01-30T13:17:21","guid":{"rendered":"http:\/\/www.apador.org\/seamus\/?page_id=818"},"modified":"2020-08-06T19:20:23","modified_gmt":"2020-08-06T17:20:23","slug":"rapoarte-anuale","status":"publish","type":"page","link":"https:\/\/apador.org\/en\/rapoarte-anuale\/","title":{"rendered":"Annual Reports"},"content":{"rendered":"<ul class=\"lcp_catlist\" id=\"lcp_instance_1\"><li><p><a href=\"https:\/\/apador.org\/en\/drepturile-omului-in-romania-2025\/\">Drepturile omului \u00een Rom\u00e2nia 2025<\/a><\/p><p class=\"lcp_date\">  13\/03\/2026<\/p><a href=\"https:\/\/apador.org\/en\/drepturile-omului-in-romania-2025\/\" title=\"Drepturile omului \u00een Rom\u00e2nia 2025\"><img loading=\"lazy\" decoding=\"async\" width=\"96\" height=\"134\" src=\"https:\/\/apador.org\/wp-content\/uploads\/2026\/03\/coperta-raport-2025.jpg\" class=\"lcp_thumbnail wp-post-image\" alt=\"Drepturile omului \u00een Rom\u00e2nia 2025\" srcset=\"https:\/\/apador.org\/wp-content\/uploads\/2026\/03\/coperta-raport-2025.jpg 796w, https:\/\/apador.org\/wp-content\/uploads\/2026\/03\/coperta-raport-2025-215x300.jpg 215w, https:\/\/apador.org\/wp-content\/uploads\/2026\/03\/coperta-raport-2025-737x1030.jpg 737w, https:\/\/apador.org\/wp-content\/uploads\/2026\/03\/coperta-raport-2025-768x1073.jpg 768w, https:\/\/apador.org\/wp-content\/uploads\/2026\/03\/coperta-raport-2025-505x705.jpg 505w\" sizes=\"auto, (max-width: 96px) 100vw, 96px\" \/><\/a><p class=\"lcp_excerpt\">Raportul de activitate al APADOR-CH pentru anul 2025 &#8211; situa\u021bia social\u0103, politic\u0103 \u0219i economic\u0103 din Rom\u00e2nia, alegeri preziden\u021biale repetate, libertate de exprimare \u00eengr\u0103dit\u0103, drepturi civile \u00een pericol.\n<\/p><\/li><li><p><a href=\"https:\/\/apador.org\/en\/drepturile-omului-in-romania-2024\/\">Drepturile omului \u00een Rom\u00e2nia 2024<\/a><\/p><p class=\"lcp_date\">  07\/03\/2025<\/p><a href=\"https:\/\/apador.org\/en\/drepturile-omului-in-romania-2024\/\" title=\"Drepturile omului \u00een Rom\u00e2nia 2024\"><img loading=\"lazy\" decoding=\"async\" width=\"100\" height=\"39\" src=\"https:\/\/apador.org\/wp-content\/uploads\/2025\/03\/doneaza.jpg\" class=\"lcp_thumbnail wp-post-image\" alt=\"Drepturile omului \u00een Rom\u00e2nia 2024\" srcset=\"https:\/\/apador.org\/wp-content\/uploads\/2025\/03\/doneaza.jpg 694w, https:\/\/apador.org\/wp-content\/uploads\/2025\/03\/doneaza-300x118.jpg 300w\" sizes=\"auto, (max-width: 100px) 100vw, 100px\" \/><\/a><p class=\"lcp_excerpt\">Raportul de activitate al APADOR-CH \u00een 2024 \u0219i o radiografie a drepturilor civile \u00een Rom\u00e2nia\n<\/p><\/li><li><p><a href=\"https:\/\/apador.org\/en\/drepturile-omului-in-romania-2023\/\">Drepturile omului \u00een Rom\u00e2nia 2023<\/a><\/p><p class=\"lcp_date\">  26\/02\/2024<\/p><a href=\"https:\/\/apador.org\/en\/drepturile-omului-in-romania-2023\/\" title=\"Drepturile omului \u00een Rom\u00e2nia 2023\"><img loading=\"lazy\" decoding=\"async\" width=\"100\" height=\"64\" src=\"https:\/\/apador.org\/wp-content\/uploads\/2024\/02\/raport-2023.png\" class=\"lcp_thumbnail wp-post-image\" alt=\"Drepturile omului \u00een Rom\u00e2nia 2023\" srcset=\"https:\/\/apador.org\/wp-content\/uploads\/2024\/02\/raport-2023.png 1662w, https:\/\/apador.org\/wp-content\/uploads\/2024\/02\/raport-2023-300x192.png 300w, https:\/\/apador.org\/wp-content\/uploads\/2024\/02\/raport-2023-1030x659.png 1030w, https:\/\/apador.org\/wp-content\/uploads\/2024\/02\/raport-2023-768x492.png 768w, https:\/\/apador.org\/wp-content\/uploads\/2024\/02\/raport-2023-1536x983.png 1536w, https:\/\/apador.org\/wp-content\/uploads\/2024\/02\/raport-2023-1500x960.png 1500w, https:\/\/apador.org\/wp-content\/uploads\/2024\/02\/raport-2023-705x451.png 705w\" sizes=\"auto, (max-width: 100px) 100vw, 100px\" \/><\/a><p class=\"lcp_excerpt\">Sorry, this entry is only available in Rom\u00e2n\u0103. For the sake of viewer convenience, the content is shown below in the alternative language. You may click the link to switch the active language.\nLa finalul anului 2022, atr\u0103geam aten\u021bia c\u0103 drepturile omului au fost eclipsate \u00een ...<\/p><\/li><li><p><a href=\"https:\/\/apador.org\/en\/drepturile-omului-in-romania-2022\/\">Human Rights in Romania 2022<\/a><\/p><p class=\"lcp_date\">  10\/03\/2023<\/p><a href=\"https:\/\/apador.org\/en\/drepturile-omului-in-romania-2022\/\" title=\"Human Rights in Romania 2022\"><img loading=\"lazy\" decoding=\"async\" width=\"100\" height=\"59\" src=\"https:\/\/apador.org\/wp-content\/uploads\/2023\/03\/raport-apador-ch-2022-e1678456963310.jpg\" class=\"lcp_thumbnail wp-post-image\" alt=\"Human Rights in Romania 2022\" \/><\/a><p class=\"lcp_excerpt\">Raportul de activitate al APADOR-CH \u00een 2022 &#8211; drepturile omului, advocacy legislativ, monitorizare condi\u021bii de deten\u021bie, monitorizare justi\u021bie\n<\/p><\/li><li><p><a href=\"https:\/\/apador.org\/en\/raportul-de-activitate-al-apador-ch-2021\/\">Human Rights in Romania 2021<\/a><\/p><p class=\"lcp_date\">  29\/03\/2022<\/p><a href=\"https:\/\/apador.org\/en\/raportul-de-activitate-al-apador-ch-2021\/\" title=\"Human Rights in Romania 2021\"><img loading=\"lazy\" decoding=\"async\" width=\"100\" height=\"68\" src=\"https:\/\/apador.org\/wp-content\/uploads\/2022\/03\/raport-apador-ch-2021.jpg\" class=\"lcp_thumbnail wp-post-image\" alt=\"Human Rights in Romania 2021\" srcset=\"https:\/\/apador.org\/wp-content\/uploads\/2022\/03\/raport-apador-ch-2021.jpg 600w, https:\/\/apador.org\/wp-content\/uploads\/2022\/03\/raport-apador-ch-2021-300x204.jpg 300w\" sizes=\"auto, (max-width: 100px) 100vw, 100px\" \/><\/a><p class=\"lcp_excerpt\">Anul 2021 a fost perceput ca \u00eenc\u0103 unul pierdut. \u00cenc\u0103 un an \u00een care am a\u0219teptat s\u0103 treac\u0103 pandemia, s\u0103 ne relu\u0103m via\u021ba normal\u0103. \u00cenc\u0103 un an care, de\u0219i \u00eencepuse aparent promi\u021b\u0103tor, cu un nou parlament, un nou guvern \u0219i mai multe vaccinuri salvatoare, s-a ...<\/p><\/li><li><p><a href=\"https:\/\/apador.org\/en\/raportul-de-activitate-al-apador-ch-2020\/\">Raportul de activitate al APADOR-CH 2020<\/a><\/p><p class=\"lcp_date\">  15\/02\/2021<\/p><a href=\"https:\/\/apador.org\/en\/raportul-de-activitate-al-apador-ch-2020\/\" title=\"Raportul de activitate al APADOR-CH 2020\"><img loading=\"lazy\" decoding=\"async\" width=\"100\" height=\"56\" src=\"https:\/\/apador.org\/wp-content\/uploads\/2020\/03\/stare-de-urganta.png\" class=\"lcp_thumbnail wp-post-image\" alt=\"Raportul de activitate al APADOR-CH 2020\" srcset=\"https:\/\/apador.org\/wp-content\/uploads\/2020\/03\/stare-de-urganta.png 560w, https:\/\/apador.org\/wp-content\/uploads\/2020\/03\/stare-de-urganta-300x169.png 300w\" sizes=\"auto, (max-width: 100px) 100vw, 100px\" \/><\/a><p class=\"lcp_excerpt\">Drepturile omului \u00een Rom\u00e2nia anului 2020: pandemie, st\u0103ri de urgen\u021b\u0103 \u0219i de alert\u0103, restr\u00e2ngeri de drepturi civile. Raportul de activitate al APADOR-CH pentru anul 2020\n<\/p><\/li><li><p><a href=\"https:\/\/apador.org\/en\/raportul-de-activitate-apador-ch-2019\/\">APADOR-CH Annual Report 2019<\/a><\/p><p class=\"lcp_date\">  10\/02\/2020<\/p><a href=\"https:\/\/apador.org\/en\/raportul-de-activitate-apador-ch-2019\/\" title=\"APADOR-CH Annual Report 2019\"><img loading=\"lazy\" decoding=\"async\" width=\"100\" height=\"63\" src=\"https:\/\/apador.org\/wp-content\/uploads\/2020\/02\/cover-raport-2019.jpg\" class=\"lcp_thumbnail wp-post-image\" alt=\"APADOR-CH Annual Report 2019\" srcset=\"https:\/\/apador.org\/wp-content\/uploads\/2020\/02\/cover-raport-2019.jpg 859w, https:\/\/apador.org\/wp-content\/uploads\/2020\/02\/cover-raport-2019-300x189.jpg 300w, https:\/\/apador.org\/wp-content\/uploads\/2020\/02\/cover-raport-2019-768x484.jpg 768w, https:\/\/apador.org\/wp-content\/uploads\/2020\/02\/cover-raport-2019-845x541.jpg 845w, https:\/\/apador.org\/wp-content\/uploads\/2020\/02\/cover-raport-2019-705x444.jpg 705w, https:\/\/apador.org\/wp-content\/uploads\/2020\/02\/cover-raport-2019-800x504.jpg 800w\" sizes=\"auto, (max-width: 100px) 100vw, 100px\" \/><\/a><p class=\"lcp_excerpt\">Drepturile omului \u00een Rom\u00e2nia &#8211; context 2019. Raportul de activitate al Asocia\u021biei Pentru Ap\u0103rarea Drepturilor Omului \u00een Rom\u00e2nia &#8211; Comitetul Helsinki.\n<\/p><\/li><\/ul><ul class='lcp_paginator'><li class='lcp_currentpage'>1<\/li><li><a href='https:\/\/apador.org\/en\/wp-json\/wp\/v2\/pages\/818?lcp_page1=2#lcp_instance_1' title='2'>2<\/a><\/li><li><a href='https:\/\/apador.org\/en\/wp-json\/wp\/v2\/pages\/818?lcp_page1=3#lcp_instance_1' title='3'>3<\/a><\/li><li><a href='https:\/\/apador.org\/en\/wp-json\/wp\/v2\/pages\/818?lcp_page1=4#lcp_instance_1' title='4'>4<\/a><\/li><li><a href='https:\/\/apador.org\/en\/wp-json\/wp\/v2\/pages\/818?lcp_page1=5#lcp_instance_1' title='5'>5<\/a><\/li><li><a href='https:\/\/apador.org\/en\/wp-json\/wp\/v2\/pages\/818?lcp_page1=6#lcp_instance_1' title='6'>6<\/a><\/li><li><a href='https:\/\/apador.org\/en\/wp-json\/wp\/v2\/pages\/818?lcp_page1=2#lcp_instance_1' title='2' class='lcp_nextlink'>&gt;&gt;<\/a><\/li><\/ul>","protected":false},"excerpt":{"rendered":"<p>Sorry, this entry is only available in Rom\u00e2n\u0103. For the sake of viewer convenience, the content is shown below in the alternative language. You may click the link to switch the active language.<\/p>\n","protected":false},"author":2,"featured_media":0,"parent":0,"menu_order":0,"comment_status":"closed","ping_status":"open","template":"","meta":{"footnotes":""},"class_list":["post-818","page","type-page","status-publish","hentry"],"_links":{"self":[{"href":"https:\/\/apador.org\/en\/wp-json\/wp\/v2\/pages\/818","targetHints":{"allow":["GET"]}}],"collection":[{"href":"https:\/\/apador.org\/en\/wp-json\/wp\/v2\/pages"}],"about":[{"href":"https:\/\/apador.org\/en\/wp-json\/wp\/v2\/types\/page"}],"author":[{"embeddable":true,"href":"https:\/\/apador.org\/en\/wp-json\/wp\/v2\/users\/2"}],"replies":[{"embeddable":true,"href":"https:\/\/apador.org\/en\/wp-json\/wp\/v2\/comments?post=818"}],"version-history":[{"count":0,"href":"https:\/\/apador.org\/en\/wp-json\/wp\/v2\/pages\/818\/revisions"}],"wp:attachment":[{"href":"https:\/\/apador.org\/en\/wp-json\/wp\/v2\/media?parent=818"}],"curies":[{"name":"wp","href":"https:\/\/api.w.org\/{rel}","templated":true}]}}