{"id":95,"date":"2013-08-20T21:16:36","date_gmt":"2013-08-20T21:16:36","guid":{"rendered":"http:\/\/www.apador.org\/seamus\/?page_id=95"},"modified":"2020-08-06T19:03:22","modified_gmt":"2020-08-06T17:03:22","slug":"monitorizarea-conditiilor-de-detentie-penitenciare","status":"publish","type":"page","link":"https:\/\/apador.org\/en\/monitorizarea-conditiilor-de-detentie-penitenciare\/","title":{"rendered":"Monitoring visits in prisons"},"content":{"rendered":"<ul class=\"lcp_catlist\" id=\"lcp_instance_1\"><li><p><a href=\"https:\/\/apador.org\/en\/raport-asupra-vizitei-in-penitenciarul-gherla-2\/\">Raport asupra vizitei \u00een penitenciarul Gherla<\/a><\/p><p class=\"lcp_date\">   March 28th,  2025<\/p><a href=\"https:\/\/apador.org\/en\/raport-asupra-vizitei-in-penitenciarul-gherla-2\/\" title=\"Raport asupra vizitei \u00een penitenciarul Gherla\"><img loading=\"lazy\" decoding=\"async\" width=\"100\" height=\"83\" src=\"https:\/\/apador.org\/wp-content\/uploads\/2022\/09\/harta-penitenciare-studiu-detinuti.jpg\" class=\"lcp_thumbnail wp-post-image\" alt=\"Raport asupra vizitei \u00een penitenciarul Gherla\" srcset=\"https:\/\/apador.org\/wp-content\/uploads\/2022\/09\/harta-penitenciare-studiu-detinuti.jpg 800w, https:\/\/apador.org\/wp-content\/uploads\/2022\/09\/harta-penitenciare-studiu-detinuti-300x249.jpg 300w, https:\/\/apador.org\/wp-content\/uploads\/2022\/09\/harta-penitenciare-studiu-detinuti-768x637.jpg 768w, https:\/\/apador.org\/wp-content\/uploads\/2022\/09\/harta-penitenciare-studiu-detinuti-705x585.jpg 705w\" sizes=\"auto, (max-width: 100px) 100vw, 100px\" \/><\/a><p class=\"lcp_excerpt\">APADOR-CH recomand\u0103 conducerii penitenciarului Gherla s\u0103 ia \u00een calcul \u00eembun\u0103t\u0103\u021birea calit\u0103\u021bii hranei. Aproape to\u021bi de\u021binu\u021bii cu care au discutat reprezentan\u021bii organiza\u021biei au spus c\u0103 aceasta este una dintre cele mai mari probleme. Este regretabil regresul, av\u00e2nd \u00een vedere c\u0103 la ultima vizita a organiza\u021biei din ...<\/p><\/li><li><p><a href=\"https:\/\/apador.org\/en\/raport-asupra-vizitei-in-penitenciarul-rahova\/\">Raport asupra vizitei \u00een Penitenciarul Rahova<\/a><\/p><p class=\"lcp_date\">   February 20th,  2023<\/p><a href=\"https:\/\/apador.org\/en\/raport-asupra-vizitei-in-penitenciarul-rahova\/\" title=\"Raport asupra vizitei \u00een Penitenciarul Rahova\"><img loading=\"lazy\" decoding=\"async\" width=\"100\" height=\"73\" src=\"https:\/\/apador.org\/wp-content\/uploads\/2023\/02\/penitenciarul-rahova.jpg\" class=\"lcp_thumbnail wp-post-image\" alt=\"Raport asupra vizitei \u00een Penitenciarul Rahova\" srcset=\"https:\/\/apador.org\/wp-content\/uploads\/2023\/02\/penitenciarul-rahova.jpg 800w, https:\/\/apador.org\/wp-content\/uploads\/2023\/02\/penitenciarul-rahova-300x220.jpg 300w, https:\/\/apador.org\/wp-content\/uploads\/2023\/02\/penitenciarul-rahova-768x564.jpg 768w, https:\/\/apador.org\/wp-content\/uploads\/2023\/02\/penitenciarul-rahova-705x517.jpg 705w\" sizes=\"auto, (max-width: 100px) 100vw, 100px\" \/><\/a><p class=\"lcp_excerpt\">Sorry, this entry is only available in Rom\u00e2n\u0103. For the sake of viewer convenience, the content is shown below in the alternative language. You may click the link to switch the active language.\n\u00cen data de 13.01.2023, trei reprezentan\u021bi ai APADOR-CH au f\u0103cut o vizit\u0103 de ...<\/p><\/li><li><p><a href=\"https:\/\/apador.org\/en\/raport-asupra-vizitei-in-penitenciarul-iasi-2\/\">Raport asupra vizitei \u00een Penitenciarul Ia\u0219i<\/a><\/p><p class=\"lcp_date\">   December 14th,  2022<\/p><a href=\"https:\/\/apador.org\/en\/raport-asupra-vizitei-in-penitenciarul-iasi-2\/\" title=\"Raport asupra vizitei \u00een Penitenciarul Ia\u0219i\"><img loading=\"lazy\" decoding=\"async\" width=\"100\" height=\"60\" src=\"https:\/\/apador.org\/wp-content\/uploads\/2022\/12\/penitenciarul-iasi.jpg\" class=\"lcp_thumbnail wp-post-image\" alt=\"Raport asupra vizitei \u00een Penitenciarul Ia\u0219i\" srcset=\"https:\/\/apador.org\/wp-content\/uploads\/2022\/12\/penitenciarul-iasi.jpg 735w, https:\/\/apador.org\/wp-content\/uploads\/2022\/12\/penitenciarul-iasi-300x181.jpg 300w, https:\/\/apador.org\/wp-content\/uploads\/2022\/12\/penitenciarul-iasi-705x426.jpg 705w\" sizes=\"auto, (max-width: 100px) 100vw, 100px\" \/><\/a><p class=\"lcp_excerpt\">Echipa APADOR-CH nu a r\u0103mas, \u00een urma acestei vizite, cu un tablou clar despre capacitatea real\u0103 de de\u021binere a penitenciarului, la norma de 4 mp\/de\u021binut, dar a putut observa clar gradul de supraaglomerare \u0219i condi\u021biile improprii de de\u021binere din unitate.\n<\/p><\/li><li><p><a href=\"https:\/\/apador.org\/en\/raport-asupra-vizitei-in-penitenciarul-margineni-2\/\">Raport asupra vizitei \u00een Penitenciarul M\u0103rgineni &#8211; 2022<\/a><\/p><p class=\"lcp_date\">   November 1st,  2022<\/p><a href=\"https:\/\/apador.org\/en\/raport-asupra-vizitei-in-penitenciarul-margineni-2\/\" title=\"Raport asupra vizitei \u00een Penitenciarul M\u0103rgineni - 2022\"><img loading=\"lazy\" decoding=\"async\" width=\"100\" height=\"83\" src=\"https:\/\/apador.org\/wp-content\/uploads\/2022\/09\/harta-penitenciare-studiu-detinuti.jpg\" class=\"lcp_thumbnail wp-post-image\" alt=\"Raport asupra vizitei \u00een Penitenciarul M\u0103rgineni - 2022\" srcset=\"https:\/\/apador.org\/wp-content\/uploads\/2022\/09\/harta-penitenciare-studiu-detinuti.jpg 800w, https:\/\/apador.org\/wp-content\/uploads\/2022\/09\/harta-penitenciare-studiu-detinuti-300x249.jpg 300w, https:\/\/apador.org\/wp-content\/uploads\/2022\/09\/harta-penitenciare-studiu-detinuti-768x637.jpg 768w, https:\/\/apador.org\/wp-content\/uploads\/2022\/09\/harta-penitenciare-studiu-detinuti-705x585.jpg 705w\" sizes=\"auto, (max-width: 100px) 100vw, 100px\" \/><\/a><p class=\"lcp_excerpt\">Condi\u021bii de deten\u021bie deficitare, alimenta\u021bie proast\u0103, igien\u0103 precar\u0103, plo\u0219ni\u021be, asisten\u021b\u0103 medical\u0103 slab bugetat\u0103, supraaglomerare, program scurt de alimentare cu ap\u0103 rece \u0219i cald\u0103 &#8211; condi\u021bii Penitenciar M\u0103rgineni 2022\n<\/p><\/li><li><p><a href=\"https:\/\/apador.org\/en\/raport-despre-vizita-in-penitenciarul-craiova-23-aprilie-2021\/\">Raport despre vizita \u00een Penitenciarul Craiova \u2013 23 aprilie 2021<\/a><\/p><p class=\"lcp_date\">   May 6th,  2021<\/p><a href=\"https:\/\/apador.org\/en\/raport-despre-vizita-in-penitenciarul-craiova-23-aprilie-2021\/\" title=\"Raport despre vizita \u00een Penitenciarul Craiova \u2013 23 aprilie 2021\"><img loading=\"lazy\" decoding=\"async\" width=\"100\" height=\"61\" src=\"https:\/\/apador.org\/wp-content\/uploads\/2013\/09\/inchisori-aglomerate-europa.jpg\" class=\"lcp_thumbnail wp-post-image\" alt=\"Raport despre vizita \u00een Penitenciarul Craiova \u2013 23 aprilie 2021\" srcset=\"https:\/\/apador.org\/wp-content\/uploads\/2013\/09\/inchisori-aglomerate-europa.jpg 800w, https:\/\/apador.org\/wp-content\/uploads\/2013\/09\/inchisori-aglomerate-europa-300x183.jpg 300w, https:\/\/apador.org\/wp-content\/uploads\/2013\/09\/inchisori-aglomerate-europa-768x468.jpg 768w, https:\/\/apador.org\/wp-content\/uploads\/2013\/09\/inchisori-aglomerate-europa-705x429.jpg 705w\" sizes=\"auto, (max-width: 100px) 100vw, 100px\" \/><\/a><p class=\"lcp_excerpt\">Condi\u021bii de de\u021binere \u00een Penitenciarul Craiova, hran\u0103, supaaglomerare, Covid 19, test\u0103ri, vaccinare, asisten\u021b\u0103 medical\u0103.\n<\/p><\/li><li><p><a href=\"https:\/\/apador.org\/en\/raport-despre-vizita-in-penitenciarul-timisoara-21-aprilie-2021\/\">Raport despre vizita \u00een Penitenciarul Timi\u0219oara \u2013 21 aprilie 2021<\/a><\/p><p class=\"lcp_date\">   May 5th,  2021<\/p><a href=\"https:\/\/apador.org\/en\/raport-despre-vizita-in-penitenciarul-timisoara-21-aprilie-2021\/\" title=\"Raport despre vizita \u00een Penitenciarul Timi\u0219oara \u2013 21 aprilie 2021\"><img loading=\"lazy\" decoding=\"async\" width=\"100\" height=\"55\" src=\"https:\/\/apador.org\/wp-content\/uploads\/2016\/02\/pre-trial.jpg\" class=\"lcp_thumbnail wp-post-image\" alt=\"Raport despre vizita \u00een Penitenciarul Timi\u0219oara \u2013 21 aprilie 2021\" srcset=\"https:\/\/apador.org\/wp-content\/uploads\/2016\/02\/pre-trial.jpg 650w, https:\/\/apador.org\/wp-content\/uploads\/2016\/02\/pre-trial-300x166.jpg 300w\" sizes=\"auto, (max-width: 100px) 100vw, 100px\" \/><\/a><p class=\"lcp_excerpt\">Condi\u021bii de de\u021binere \u00een perioada 2020-2021 \u00een Penitenciarul Timi\u0219oara, test\u0103ri Covid 19, vaccinare de\u021binu\u021bi, asisten\u021b\u0103 medical\u0103, munc\u0103 \u0219i contactul cu familia.\n<\/p><\/li><li><p><a href=\"https:\/\/apador.org\/en\/mesajul-apador-ch-catre-anp-in-cazul-satu-mare\/\">Mesajul APADOR-CH c\u0103tre ANP \u00een cazul Satu Mare<\/a><\/p><p class=\"lcp_date\">   March 19th,  2020<\/p><a href=\"https:\/\/apador.org\/en\/mesajul-apador-ch-catre-anp-in-cazul-satu-mare\/\" title=\"Mesajul APADOR-CH c\u0103tre ANP \u00een cazul Satu Mare\"><img loading=\"lazy\" decoding=\"async\" width=\"100\" height=\"55\" src=\"https:\/\/apador.org\/wp-content\/uploads\/2016\/02\/pre-trial.jpg\" class=\"lcp_thumbnail wp-post-image\" alt=\"Mesajul APADOR-CH c\u0103tre ANP \u00een cazul Satu Mare\" srcset=\"https:\/\/apador.org\/wp-content\/uploads\/2016\/02\/pre-trial.jpg 650w, https:\/\/apador.org\/wp-content\/uploads\/2016\/02\/pre-trial-300x166.jpg 300w\" sizes=\"auto, (max-width: 100px) 100vw, 100px\" \/><\/a><p class=\"lcp_excerpt\">Scrisoare deschis\u0103 c\u0103tre Administra\u021bia Na\u021bional\u0103 a Penitenciarelor, \u00een leg\u0103tur\u0103 cu gestionarea situa\u021biei speciale din penitenciare, \u00een contextul pandemiei \u0219i a incidentului de la Satu Mare.\n<\/p><\/li><\/ul><ul class='lcp_paginator'><li class='lcp_currentpage'>1<\/li><li><a href='https:\/\/apador.org\/en\/wp-json\/wp\/v2\/pages\/95?lcp_page1=2#lcp_instance_1' title='2'>2<\/a><\/li><li><a href='https:\/\/apador.org\/en\/wp-json\/wp\/v2\/pages\/95?lcp_page1=3#lcp_instance_1' title='3'>3<\/a><\/li><li><a href='https:\/\/apador.org\/en\/wp-json\/wp\/v2\/pages\/95?lcp_page1=4#lcp_instance_1' title='4'>4<\/a><\/li><li><a href='https:\/\/apador.org\/en\/wp-json\/wp\/v2\/pages\/95?lcp_page1=5#lcp_instance_1' title='5'>5<\/a><\/li><li><a href='https:\/\/apador.org\/en\/wp-json\/wp\/v2\/pages\/95?lcp_page1=6#lcp_instance_1' title='6'>6<\/a><\/li><span class='lcp_elipsis'>...<\/span><li><a href='https:\/\/apador.org\/en\/wp-json\/wp\/v2\/pages\/95?lcp_page1=18#lcp_instance_1' title='18'>18<\/a><\/li><li><a href='https:\/\/apador.org\/en\/wp-json\/wp\/v2\/pages\/95?lcp_page1=2#lcp_instance_1' title='2' class='lcp_nextlink'>&gt;&gt;<\/a><\/li><\/ul>","protected":false},"excerpt":{"rendered":"<p>Sorry, this entry is only available in Rom\u00e2n\u0103. For the sake of viewer convenience, the content is shown below in the alternative language. You may click the link to switch the active language.<\/p>\n","protected":false},"author":2,"featured_media":0,"parent":0,"menu_order":0,"comment_status":"closed","ping_status":"closed","template":"","meta":{"footnotes":""},"class_list":["post-95","page","type-page","status-publish","hentry"],"_links":{"self":[{"href":"https:\/\/apador.org\/en\/wp-json\/wp\/v2\/pages\/95","targetHints":{"allow":["GET"]}}],"collection":[{"href":"https:\/\/apador.org\/en\/wp-json\/wp\/v2\/pages"}],"about":[{"href":"https:\/\/apador.org\/en\/wp-json\/wp\/v2\/types\/page"}],"author":[{"embeddable":true,"href":"https:\/\/apador.org\/en\/wp-json\/wp\/v2\/users\/2"}],"replies":[{"embeddable":true,"href":"https:\/\/apador.org\/en\/wp-json\/wp\/v2\/comments?post=95"}],"version-history":[{"count":0,"href":"https:\/\/apador.org\/en\/wp-json\/wp\/v2\/pages\/95\/revisions"}],"wp:attachment":[{"href":"https:\/\/apador.org\/en\/wp-json\/wp\/v2\/media?parent=95"}],"curies":[{"name":"wp","href":"https:\/\/api.w.org\/{rel}","templated":true}]}}